{"id":5375,"date":"2023-08-01T09:47:26","date_gmt":"2023-08-01T09:47:26","guid":{"rendered":"http:\/\/testdesarrollo.pahubel.es\/?page_id=5375"},"modified":"2023-08-08T08:33:48","modified_gmt":"2023-08-08T08:33:48","slug":"politica-de-privacidad","status":"publish","type":"page","link":"https:\/\/pahubel.com\/en\/politica-de-privacidad\/","title":{"rendered":"Pol\u00edtica de privacidad"},"content":{"rendered":"<div data-elementor-type=\"wp-page\" data-elementor-id=\"5375\" class=\"elementor elementor-5375\">\n\t\t\t\t\t\t<section class=\"elementor-section elementor-top-section elementor-element elementor-element-216aca5f elementor-section-boxed elementor-section-height-default elementor-section-height-default\" data-id=\"216aca5f\" data-element_type=\"section\" data-e-type=\"section\">\n\t\t\t\t\t\t<div class=\"elementor-container elementor-column-gap-default\">\n\t\t\t\t\t<div class=\"elementor-column elementor-col-100 elementor-top-column elementor-element elementor-element-4bdca4aa ot-flex-column-vertical\" data-id=\"4bdca4aa\" data-element_type=\"column\" data-e-type=\"column\">\n\t\t\t<div class=\"elementor-widget-wrap elementor-element-populated\">\n\t\t\t\t\t\t<div class=\"elementor-element elementor-element-18f56571 elementor-widget elementor-widget-text-editor\" data-id=\"18f56571\" data-element_type=\"widget\" data-e-type=\"widget\" data-widget_type=\"text-editor.default\">\n\t\t\t\t<div class=\"elementor-widget-container\">\n\t\t\t\t\t\t\t\t\t<h1>Pol\u00edtica de privacidad<\/h1><p>Pahubel Ib\u00e9rica, S.L manifiesta su respeto y cumplimiento de las disposiciones recogidas en el nuevo REGLAMENTO (UE) 2016\/679 DEL PARLAMENTO EUROPEO Y DEL CONSEJO de 27 de abril de 2016, de Protecci\u00f3n de Datos de Car\u00e1cter Personal y normativa concordante. Por ello, le informa de su pol\u00edtica de protecci\u00f3n de datos para que el cliente determine voluntariamente si desea facilitar sus datos personales a Pahubel Ib\u00e9rica, S.L. Esta Pol\u00edtica de Privacidad establece el uso, mantenimiento y cesi\u00f3n que hace Pahubel Ib\u00e9rica, S.L. de los datos personales de los clientes de la p\u00e1gina web de Pahubel Ib\u00e9rica, S.L.<\/p><h3>Privacidad<\/h3><p>Pahubel Ib\u00e9rica, S.L. se compromete a desarrollar relaciones de larga duraci\u00f3n basadas en la confianza. Por ello, Pahubel Ib\u00e9rica, S.L. har\u00e1 todo lo posible para asegurar que su derecho de privacidad se mantenga y se proteja. Esta p\u00e1gina web se dirige a mayores de 18 a\u00f1os de edad.<\/p><h3>Datos que recoge Pahubel Ib\u00e9rica, S.L.<\/h3><p>Pahubel Ib\u00e9rica, S.L. puede solicitar o recabar informaci\u00f3n personal de clientes online de varias maneras, incluyendo formularios online para solicitar productos o servicios y otras solicitudes en las que se invita a los clientes a facilitar dicha informaci\u00f3n. Pahubel Ib\u00e9rica, S.L. informa a los clientes que los datos personales que se facilitan en el formulario de inscripci\u00f3n as\u00ed como cualquier otra informaci\u00f3n que el cliente pueda facilitar en el futuro dentro del marco de su relaci\u00f3n con Pahubel Ib\u00e9rica, S.L. podr\u00e1 ser incluida en los ficheros de esta entidad.<br \/>Pahubel Ib\u00e9rica, S.L. tambi\u00e9n podr\u00e1 recabar informaci\u00f3n sobre c\u00f3mo acceden los clientes a su p\u00e1gina web mediante el uso de un identificador \u00fanico para cada cliente a trav\u00e9s del uso de cookies.<\/p><h4>Ficheros log<\/h4><p>Como la mayor\u00eda de p\u00e1ginas web, Pahubel Ib\u00e9rica, S.L. utiliza ficheros log. Esta informaci\u00f3n puede incluir direcciones de IP, tipo de navegador, proveedor de acceso a internet (ISP), p\u00e1ginas de salida\/entrada, tipo de plataforma, sello de hora y fecha o n\u00famero de clicks para analizar tendencias, administrar la p\u00e1gina web, seguir los movimientos del cliente de forma agregada y recabar informaci\u00f3n demogr\u00e1fica en sentido amplio para uso conjunto. En todo caso, ninguna informaci\u00f3n que se almacene en ficheros log, incluida pero no limitada a las direcciones de IP, est\u00e1 relacionada con informaci\u00f3n personal que identifiquen a una persona.<\/p><h4>Datos voluntarios y obligatorios<\/h4><p>Salvo en los campos en que expresamente se determine lo contrario, las respuestas a las preguntas sobre datos personales son voluntarias, sin que la falta de contestaci\u00f3n a dichas preguntas implique una merma en la calidad de los servicios que el cliente solicita. La falta de cumplimentaci\u00f3n de los campos determinados como obligatorios o el suministro de datos incorrectos imposibilitar\u00e1 que Pahubel Ib\u00e9rica, S.L. pueda darle de alta como cliente o prestarle los servicios solicitados.<\/p><h4>Finalidades de uso de los datos<\/h4><p>Estos ficheros tienen las siguientes finalidades:<\/p><ul><li>Gestionar, administrar y prestarle los servicios que solicite de Pahubel Ib\u00e9rica, S.L.<\/li><li>Gesti\u00f3n y mantenimiento de la relaci\u00f3n contractual y precontractual, y facilitar el cumplimiento de la misma.<\/li><li>Conocer mejor sus gustos y adecuar los servicios a sus preferencias y necesidades.<\/li><li>Poder ofrecerle nuevos productos, servicios, ofertas especiales o actualizaciones, en aquellos supuestos en los que se haya otorgado el consentimiento<\/li><li>Enviarle publicidad propia o de terceros a aquellos clientes que lo consientan<\/li><li>Realizar estudios sobre la efectividad de la p\u00e1gina web, marketing, publicidad y ventas.<\/li><\/ul><h4>Destinatarios de los datos<\/h4><p>Los destinatarios de la informaci\u00f3n recogida ser\u00e1n exclusivamente los propios empleados de Pahubel Ib\u00e9rica, S.L. o los prestadores de servicios a esta entidad (incluidas, en su caso, sus propias filiales o sociedades afiliadas).<br \/>En este \u00faltimo supuesto, los prestadores de servicios estar\u00e1n vinculados por un contrato de prestaci\u00f3n de servicios en el que expresamente se recoger\u00e1n obligaciones equivalentes de privacidad y protecci\u00f3n de datos a las exigidas para los propios empleados de Pahubel Ib\u00e9rica, S.L. y tendr\u00e1n expresamente prohibida la cesi\u00f3n de dichos datos a cualquier otra persona o tercero, excepto que se prevea lo contrario en esta pol\u00edtica de privacidad.<br \/>Una vez finalizada la relaci\u00f3n contractual con el prestador de servicios, se devolver\u00e1n o destruir\u00e1n los datos de los clientes a los que hubiesen tenido que acceder con ocasi\u00f3n de la prestaci\u00f3n de servicios.<\/p><h3>\u00a0<\/h3><h4>Cesi\u00f3n de informaci\u00f3n<\/h4><p>\u00a0Pahubel Ib\u00e9rica, S.L. no compartir\u00e1 datos personales de clientes con ning\u00fan tercero, salvo que el cliente autorice expresamente dichas cesiones.<br \/>Pahubel Ib\u00e9rica, S.L. podr\u00e1 ceder a inversores o socios potenciales datos agregados y an\u00f3nimos basados en informaci\u00f3n recogida de los clientes. En dichos casos, s\u00f3lo se facilitar\u00e1 informaci\u00f3n estad\u00edstica y la informaci\u00f3n que permita identificar a una personal se mantendr\u00e1 absolutamente confidencial. En caso de que Pahubel Ib\u00e9rica, S.L. sea vendido, la informaci\u00f3n recogida de los clientes podr\u00e1 suministrarse a los nuevos propietarios.<\/p><h3>\u00a0<\/h3><h4>Ofertas especiales y actualizaciones<\/h4><p>Los clientes de Pahubel Ib\u00e9rica, S.L. podr\u00e1n recibir ocasionalmente informaci\u00f3n sobre productos, servicios, ofertas especiales y eventualmente una newsletter. Como muestra de respeto por la privacidad de sus clientes, Pahubel Ib\u00e9rica, S.L. ofrece la posibilidad de no recibir este tipo de comunicaciones indic\u00e1ndolo en el espacio de configuraci\u00f3n de newsletter del panel de control o mediante el env\u00edo de un e-mail a rgarcia@pahubel.com<\/p><h3>\u00a0<\/h3><h4>Anuncios sobre los servicios<\/h4><p>En infrecuentes ocasiones, podr\u00e1 ser necesario enviar un anuncio estrictamente relacionado con los servicios si, por ejemplo, un servicio se suspende temporalmente debido a razones de mantenimiento. Generalmente los clientes no podr\u00e1n oponerse a recibir dichas comunicaciones, pero podr\u00e1n desactivar su cuenta. En todo caso, estas comunicaciones no tienen naturaleza comercial.<\/p><h3>\u00a0<\/h3><h4>Aviso legal<\/h4><p>Le informamos que Pahubel Ib\u00e9rica, S.L. podr\u00e1 facilitar informaci\u00f3n personal a las autoridades competentes cuando sea requerido conforme a la legislaci\u00f3n vigente.<br \/>La p\u00e1gina web de Pahubel Ib\u00e9rica, S.L. realiza enlaces a otras p\u00e1ginas. Por favor tenga en cuenta que Pahubel Ib\u00e9rica, S.L. no es responsable de los usos de privacidad que dichas p\u00e1ginas; por ello, le animamos a que lea las declaraciones de privacidad de todas y cada una de las p\u00e1ginas web que recaban datos de car\u00e1cter personal. La presente Pol\u00edtica de Privacidad s\u00f3lo es de aplicaci\u00f3n a la informaci\u00f3n recogida por Pahubel Ib\u00e9rica, S.L..<\/p><h3>\u00a0<\/h3><h4>Mantenimiento de los datos<\/h4><p>Una vez concluida la relaci\u00f3n contractual con el cliente, Pahubel Ib\u00e9rica, S.L. se reserva el derecho de conservar los datos del cliente que se d\u00e9 de baja durante el tiempo necesario para cumplir con sus obligaciones legales. Durante ese tiempo los datos personales permanecer\u00e1n bloqueados y no ser\u00e1n utilizados para ninguna otra finalidad que no sea la antedicha. Una vez concluidos los plazos legales para su mantenimiento los datos ser\u00e1n eliminados.<br \/>\u00a0Pahubel Ib\u00e9rica, S.L. mantiene los niveles de protecci\u00f3n de sus datos personales conforme a la normativa vigente en materia de medidas de seguridad, y ha implantado todos los medios t\u00e9cnicos a su alcance para evitar la p\u00e9rdida, mal uso, alteraci\u00f3n, acceso no autorizado y robo de los datos que el cliente facilite a PAHUBEL, S.L..<\/p><h3>\u00a0<\/h3><h4>Responsabilidad del cliente<\/h4><p>El cliente tendr\u00e1 la posibilidad de ejercer sus derechos de supresi\u00f3n, oposici\u00f3n, portabilidad, limitaci\u00f3n, acceso, rectificaci\u00f3n, solicit\u00e1ndolo por cualquier medio que deje constancia de su env\u00edo y de su recepci\u00f3n y remitiendo copia de su DNI o documento equivalente. Para ejercer sus derechos, podr\u00e1 dirigirse por escrito a la siguiente direcci\u00f3n postal de Pahubel Ib\u00e9rica, S.L., a la direcci\u00f3n de correo electr\u00f3nico rgarcia@pahubel.com o contactando con el DPO en la direcci\u00f3n proteccion.datos@ceer.es, Tfno. 924903096. Igualmente en cualquier momento el Cliente podr\u00e1 revocar, sin efectos retroactivos, su consentimiento para el tratamiento de sus datos.<\/p><h3>\u00a0<\/h3><h4>Preguntas<\/h4><p>Cualquier pregunta relativa a la presente Pol\u00edtica de Privacidad podr\u00e1 dirigirse a la siguiente direcci\u00f3n de email:\u00a0rgarcia@pahubel.com<\/p>\t\t\t\t\t\t\t\t<\/div>\n\t\t\t\t<\/div>\n\t\t\t\t\t<\/div>\n\t\t<\/div>\n\t\t\t\t\t<\/div>\n\t\t<\/section>\n\t\t\t\t<\/div>","protected":false},"excerpt":{"rendered":"<p>Pol\u00edtica de privacidad Pahubel Ib\u00e9rica, S.L manifiesta su respeto y cumplimiento de las disposiciones recogidas en el nuevo REGLAMENTO (UE) 2016\/679 DEL PARLAMENTO EUROPEO Y DEL CONSEJO de 27 de abril de 2016, de Protecci\u00f3n de Datos de Car\u00e1cter Personal y normativa concordante. Por ello, le informa de su pol\u00edtica de protecci\u00f3n de datos para [&hellip;]<\/p>\n","protected":false},"author":2,"featured_media":0,"parent":0,"menu_order":0,"comment_status":"closed","ping_status":"closed","template":"elementor_header_footer","meta":{"_monsterinsights_skip_tracking":false,"_monsterinsights_sitenote_active":false,"_monsterinsights_sitenote_note":"","_monsterinsights_sitenote_category":0,"footnotes":""},"class_list":["post-5375","page","type-page","status-publish","hentry"],"yoast_head":"<!-- This site is optimized with the Yoast SEO plugin v27.4 - https:\/\/yoast.com\/product\/yoast-seo-wordpress\/ -->\n<title>Pahubel Jerez de la Frontera - Pol\u00edtica de privacidad<\/title>\n<meta name=\"robots\" content=\"index, follow, max-snippet:-1, max-image-preview:large, max-video-preview:-1\" \/>\n<link rel=\"canonical\" href=\"https:\/\/pahubel.com\/en\/politica-de-privacidad\/\" \/>\n<meta property=\"og:locale\" content=\"en_GB\" \/>\n<meta property=\"og:type\" content=\"article\" \/>\n<meta property=\"og:title\" content=\"Pahubel Jerez de la Frontera - Pol\u00edtica de privacidad\" \/>\n<meta property=\"og:description\" content=\"Pol\u00edtica de privacidad Pahubel Ib\u00e9rica, S.L manifiesta su respeto y cumplimiento de las disposiciones recogidas en el nuevo REGLAMENTO (UE) 2016\/679 DEL PARLAMENTO EUROPEO Y DEL CONSEJO de 27 de abril de 2016, de Protecci\u00f3n de Datos de Car\u00e1cter Personal y normativa concordante. Por ello, le informa de su pol\u00edtica de protecci\u00f3n de datos para [&hellip;]\" \/>\n<meta property=\"og:url\" content=\"https:\/\/pahubel.com\/en\/politica-de-privacidad\/\" \/>\n<meta property=\"og:site_name\" content=\"Pahubel Jerez de la Frontera\" \/>\n<meta property=\"article:modified_time\" content=\"2023-08-08T08:33:48+00:00\" \/>\n<meta property=\"og:image\" content=\"https:\/\/pahubel.com\/wp-content\/uploads\/2020\/01\/logotipo-blanco.png\" \/>\n\t<meta property=\"og:image:width\" content=\"1182\" \/>\n\t<meta property=\"og:image:height\" content=\"591\" \/>\n\t<meta property=\"og:image:type\" content=\"image\/png\" \/>\n<meta name=\"twitter:card\" content=\"summary_large_image\" \/>\n<meta name=\"twitter:label1\" content=\"Estimated reading time\" \/>\n\t<meta name=\"twitter:data1\" content=\"6 minutes\" \/>\n<script type=\"application\/ld+json\" class=\"yoast-schema-graph\">{\"@context\":\"https:\\\/\\\/schema.org\",\"@graph\":[{\"@type\":\"WebPage\",\"@id\":\"https:\\\/\\\/pahubel.com\\\/politica-de-privacidad\\\/\",\"url\":\"https:\\\/\\\/pahubel.com\\\/politica-de-privacidad\\\/\",\"name\":\"Pahubel Jerez de la Frontera - Pol\u00edtica de privacidad\",\"isPartOf\":{\"@id\":\"https:\\\/\\\/pahubel.com\\\/#website\"},\"datePublished\":\"2023-08-01T09:47:26+00:00\",\"dateModified\":\"2023-08-08T08:33:48+00:00\",\"breadcrumb\":{\"@id\":\"https:\\\/\\\/pahubel.com\\\/politica-de-privacidad\\\/#breadcrumb\"},\"inLanguage\":\"en-GB\",\"potentialAction\":[{\"@type\":\"ReadAction\",\"target\":[\"https:\\\/\\\/pahubel.com\\\/politica-de-privacidad\\\/\"]}]},{\"@type\":\"BreadcrumbList\",\"@id\":\"https:\\\/\\\/pahubel.com\\\/politica-de-privacidad\\\/#breadcrumb\",\"itemListElement\":[{\"@type\":\"ListItem\",\"position\":1,\"name\":\"Portada\",\"item\":\"https:\\\/\\\/pahubel.com\\\/\"},{\"@type\":\"ListItem\",\"position\":2,\"name\":\"Pol\u00edtica de privacidad\"}]},{\"@type\":\"WebSite\",\"@id\":\"https:\\\/\\\/pahubel.com\\\/#website\",\"url\":\"https:\\\/\\\/pahubel.com\\\/\",\"name\":\"Pahubel Jerez de la Frontera\",\"description\":\"Pahubel\",\"publisher\":{\"@id\":\"https:\\\/\\\/pahubel.com\\\/#organization\"},\"alternateName\":\"Pahubel Jerez\",\"potentialAction\":[{\"@type\":\"SearchAction\",\"target\":{\"@type\":\"EntryPoint\",\"urlTemplate\":\"https:\\\/\\\/pahubel.com\\\/?s={search_term_string}\"},\"query-input\":{\"@type\":\"PropertyValueSpecification\",\"valueRequired\":true,\"valueName\":\"search_term_string\"}}],\"inLanguage\":\"en-GB\"},{\"@type\":\"Organization\",\"@id\":\"https:\\\/\\\/pahubel.com\\\/#organization\",\"name\":\"Pahubel Jerez de la Frontera\",\"url\":\"https:\\\/\\\/pahubel.com\\\/\",\"logo\":{\"@type\":\"ImageObject\",\"inLanguage\":\"en-GB\",\"@id\":\"https:\\\/\\\/pahubel.com\\\/#\\\/schema\\\/logo\\\/image\\\/\",\"url\":\"http:\\\/\\\/testdesarrollo.pahubel.es\\\/wp-content\\\/uploads\\\/2020\\\/07\\\/Logo-Pahubel-web.png\",\"contentUrl\":\"http:\\\/\\\/testdesarrollo.pahubel.es\\\/wp-content\\\/uploads\\\/2020\\\/07\\\/Logo-Pahubel-web.png\",\"width\":781,\"height\":223,\"caption\":\"Pahubel Jerez de la Frontera\"},\"image\":{\"@id\":\"https:\\\/\\\/pahubel.com\\\/#\\\/schema\\\/logo\\\/image\\\/\"}}]}<\/script>\n<!-- \/ Yoast SEO plugin. -->","yoast_head_json":{"title":"Pahubel Jerez de la Frontera - Pol\u00edtica de privacidad","robots":{"index":"index","follow":"follow","max-snippet":"max-snippet:-1","max-image-preview":"max-image-preview:large","max-video-preview":"max-video-preview:-1"},"canonical":"https:\/\/pahubel.com\/en\/politica-de-privacidad\/","og_locale":"en_GB","og_type":"article","og_title":"Pahubel Jerez de la Frontera - Pol\u00edtica de privacidad","og_description":"Pol\u00edtica de privacidad Pahubel Ib\u00e9rica, S.L manifiesta su respeto y cumplimiento de las disposiciones recogidas en el nuevo REGLAMENTO (UE) 2016\/679 DEL PARLAMENTO EUROPEO Y DEL CONSEJO de 27 de abril de 2016, de Protecci\u00f3n de Datos de Car\u00e1cter Personal y normativa concordante. Por ello, le informa de su pol\u00edtica de protecci\u00f3n de datos para [&hellip;]","og_url":"https:\/\/pahubel.com\/en\/politica-de-privacidad\/","og_site_name":"Pahubel Jerez de la Frontera","article_modified_time":"2023-08-08T08:33:48+00:00","og_image":[{"width":1182,"height":591,"url":"https:\/\/pahubel.com\/wp-content\/uploads\/2020\/01\/logotipo-blanco.png","type":"image\/png"}],"twitter_card":"summary_large_image","twitter_misc":{"Estimated reading time":"6 minutes"},"schema":{"@context":"https:\/\/schema.org","@graph":[{"@type":"WebPage","@id":"https:\/\/pahubel.com\/politica-de-privacidad\/","url":"https:\/\/pahubel.com\/politica-de-privacidad\/","name":"Pahubel Jerez de la Frontera - Pol\u00edtica de privacidad","isPartOf":{"@id":"https:\/\/pahubel.com\/#website"},"datePublished":"2023-08-01T09:47:26+00:00","dateModified":"2023-08-08T08:33:48+00:00","breadcrumb":{"@id":"https:\/\/pahubel.com\/politica-de-privacidad\/#breadcrumb"},"inLanguage":"en-GB","potentialAction":[{"@type":"ReadAction","target":["https:\/\/pahubel.com\/politica-de-privacidad\/"]}]},{"@type":"BreadcrumbList","@id":"https:\/\/pahubel.com\/politica-de-privacidad\/#breadcrumb","itemListElement":[{"@type":"ListItem","position":1,"name":"Portada","item":"https:\/\/pahubel.com\/"},{"@type":"ListItem","position":2,"name":"Pol\u00edtica de privacidad"}]},{"@type":"WebSite","@id":"https:\/\/pahubel.com\/#website","url":"https:\/\/pahubel.com\/","name":"Pahubel Jerez de la Frontera","description":"Pahubel","publisher":{"@id":"https:\/\/pahubel.com\/#organization"},"alternateName":"Pahubel Jerez","potentialAction":[{"@type":"SearchAction","target":{"@type":"EntryPoint","urlTemplate":"https:\/\/pahubel.com\/?s={search_term_string}"},"query-input":{"@type":"PropertyValueSpecification","valueRequired":true,"valueName":"search_term_string"}}],"inLanguage":"en-GB"},{"@type":"Organization","@id":"https:\/\/pahubel.com\/#organization","name":"Pahubel Jerez de la Frontera","url":"https:\/\/pahubel.com\/","logo":{"@type":"ImageObject","inLanguage":"en-GB","@id":"https:\/\/pahubel.com\/#\/schema\/logo\/image\/","url":"http:\/\/testdesarrollo.pahubel.es\/wp-content\/uploads\/2020\/07\/Logo-Pahubel-web.png","contentUrl":"http:\/\/testdesarrollo.pahubel.es\/wp-content\/uploads\/2020\/07\/Logo-Pahubel-web.png","width":781,"height":223,"caption":"Pahubel Jerez de la Frontera"},"image":{"@id":"https:\/\/pahubel.com\/#\/schema\/logo\/image\/"}}]}},"_links":{"self":[{"href":"https:\/\/pahubel.com\/en\/wp-json\/wp\/v2\/pages\/5375","targetHints":{"allow":["GET"]}}],"collection":[{"href":"https:\/\/pahubel.com\/en\/wp-json\/wp\/v2\/pages"}],"about":[{"href":"https:\/\/pahubel.com\/en\/wp-json\/wp\/v2\/types\/page"}],"author":[{"embeddable":true,"href":"https:\/\/pahubel.com\/en\/wp-json\/wp\/v2\/users\/2"}],"replies":[{"embeddable":true,"href":"https:\/\/pahubel.com\/en\/wp-json\/wp\/v2\/comments?post=5375"}],"version-history":[{"count":31,"href":"https:\/\/pahubel.com\/en\/wp-json\/wp\/v2\/pages\/5375\/revisions"}],"predecessor-version":[{"id":5550,"href":"https:\/\/pahubel.com\/en\/wp-json\/wp\/v2\/pages\/5375\/revisions\/5550"}],"wp:attachment":[{"href":"https:\/\/pahubel.com\/en\/wp-json\/wp\/v2\/media?parent=5375"}],"curies":[{"name":"wp","href":"https:\/\/api.w.org\/{rel}","templated":true}]}}