{"id":3872,"date":"2020-07-02T09:04:21","date_gmt":"2020-07-02T09:04:21","guid":{"rendered":"http:\/\/wpdemo.archiwp.com\/theratio\/?page_id=3872"},"modified":"2024-08-29T22:21:31","modified_gmt":"2024-08-29T22:21:31","slug":"proyectos","status":"publish","type":"page","link":"https:\/\/pahubel.com\/en\/proyectos\/","title":{"rendered":"Proyectos"},"content":{"rendered":"\t\t<div data-elementor-type=\"wp-page\" data-elementor-id=\"3872\" class=\"elementor elementor-3872\">\n\t\t\t\t\t\t<section class=\"elementor-section elementor-top-section elementor-element elementor-element-110c12b elementor-section-boxed elementor-section-height-default elementor-section-height-default elementor-invisible\" data-id=\"110c12b\" data-element_type=\"section\" data-e-type=\"section\" data-settings=\"{&quot;animation&quot;:&quot;fadeInDown&quot;}\">\n\t\t\t\t\t\t<div class=\"elementor-container elementor-column-gap-default\">\n\t\t\t\t\t<div class=\"elementor-column elementor-col-100 elementor-top-column elementor-element elementor-element-9d0c84c ot-flex-column-vertical\" data-id=\"9d0c84c\" data-element_type=\"column\" data-e-type=\"column\">\n\t\t\t<div class=\"elementor-widget-wrap elementor-element-populated\">\n\t\t\t\t\t\t<div class=\"elementor-element elementor-element-87ff779 theratio-align-center elementor-widget elementor-widget-iheading\" data-id=\"87ff779\" data-element_type=\"widget\" data-e-type=\"widget\" data-widget_type=\"iheading.default\">\n\t\t\t\t<div class=\"elementor-widget-container\">\n\t\t\t\t\t\t\t<div class=\"ot-heading \">\r\n\t        \t            <span>[ Nuestros proyectos ]<\/span>\r\n\t        \t        <h2 class=\"main-heading\">Descubre algunos <br>  de nuestros \u00faltimos proyectos <\/h2>\r\n\t        \t    <\/div>\r\n\t    \t\t\t\t<\/div>\n\t\t\t\t<\/div>\n\t\t\t\t<div class=\"elementor-element elementor-element-5655d9b elementor-widget elementor-widget-ipfilter\" data-id=\"5655d9b\" data-element_type=\"widget\" data-e-type=\"widget\" data-widget_type=\"ipfilter.default\">\n\t\t\t\t<div class=\"elementor-widget-container\">\n\t\t\t\t\t\r\n\t\t<div class=\"project-filter-wrapper\">\r\n\t\t\t\t\t\t\t        <div class=\"projects-grid pf_2_cols style-1 img-scale w-auto no-cat\" data-load=\"26\" data-count=\"6\">\r\n\t\t\t<div class=\"grid-sizer\"><\/div>\r\n\t            \r\n<div class=\"project-item category-34 \">\r\n\t<div class=\"projects-box\">\r\n\t\t<div class=\"projects-thumbnail\" data-src=\"https:\/\/pahubel.com\/wp-content\/uploads\/2023\/07\/ClinicaGJimenez_contenido-48-cropped-webp-1440x720-1.webp\" data-sub-html=\"Cl\u00ednica Dental Gema Jim\u00e9nez\">\r\n\t\t\t<a href=\"https:\/\/pahubel.com\/en\/portfolio\/clinica-dental\/\">\r\n\t\t\t\t<img fetchpriority=\"high\" decoding=\"async\" width=\"720\" height=\"720\" src=\"https:\/\/pahubel.com\/wp-content\/uploads\/2023\/07\/ClinicaGJimenez_contenido-48-cropped-webp-1440x720-1-720x720.webp\" class=\"attachment-theratio-portfolio-thumbnail-grid size-theratio-portfolio-thumbnail-grid wp-post-image\" alt=\"\" srcset=\"https:\/\/pahubel.com\/wp-content\/uploads\/2023\/07\/ClinicaGJimenez_contenido-48-cropped-webp-1440x720-1-720x720.webp 720w, https:\/\/pahubel.com\/wp-content\/uploads\/2023\/07\/ClinicaGJimenez_contenido-48-cropped-webp-1440x720-1-150x150.webp 150w\" sizes=\"(max-width: 720px) 100vw, 720px\" \/>\t\t\t<\/a>\r\n\t\t\t\r\n\t\t\t<span class=\"overlay\">\r\n\t\t\t\t<h5>Cl\u00ednica Dental Gema Jim\u00e9nez<\/h5>\r\n\t\t\t\t<i class=\"ot-flaticon-add\"><\/i>\r\n\t\t\t<\/span>\r\n\t\t<\/div>\r\n\t\t<div class=\"portfolio-info\">\r\n\t\t\t<div class=\"portfolio-info-inner\">\r\n\t\t\t\t<h5><a class=\"title-link\" href=\"https:\/\/pahubel.com\/en\/portfolio\/clinica-dental\/\" data-src=\"https:\/\/pahubel.com\/wp-content\/uploads\/2023\/07\/ClinicaGJimenez_contenido-48-cropped-webp-1440x720-1.webp\" data-sub-html=\"Cl\u00ednica Dental Gema Jim\u00e9nez\">Cl\u00ednica Dental Gema Jim\u00e9nez<\/a><\/h5>\r\n\t\t\t\t<p class=\"portfolio-cates\"><a href=\"https:\/\/pahubel.com\/en\/portfolio-category\/proyectos\/\">Proyectos<\/a><\/p> \r\n\t\t\t<\/div>\r\n\t\t\t<a class=\"overlay\" href=\"https:\/\/pahubel.com\/en\/portfolio\/clinica-dental\/\"><\/a>\r\n\t\t<\/div>\r\n\t<\/div>\r\n<\/div>\r\n<div class=\"project-item category-34 \">\r\n\t<div class=\"projects-box\">\r\n\t\t<div class=\"projects-thumbnail\" data-src=\"https:\/\/pahubel.com\/wp-content\/uploads\/2023\/07\/DSC03455-HDR-web.webp\" data-sub-html=\"Cl\u00ednica Dental Odontopediatr\u00eda Gema Jim\u00e9nez\">\r\n\t\t\t<a href=\"https:\/\/pahubel.com\/en\/portfolio\/clinica-odontopediatria\/\">\r\n\t\t\t\t<img decoding=\"async\" width=\"720\" height=\"720\" src=\"https:\/\/pahubel.com\/wp-content\/uploads\/2023\/07\/DSC03455-HDR-web-720x720.webp\" class=\"attachment-theratio-portfolio-thumbnail-grid size-theratio-portfolio-thumbnail-grid wp-post-image\" alt=\"\" srcset=\"https:\/\/pahubel.com\/wp-content\/uploads\/2023\/07\/DSC03455-HDR-web-720x720.webp 720w, https:\/\/pahubel.com\/wp-content\/uploads\/2023\/07\/DSC03455-HDR-web-150x150.webp 150w\" sizes=\"(max-width: 720px) 100vw, 720px\" \/>\t\t\t<\/a>\r\n\t\t\t\r\n\t\t\t<span class=\"overlay\">\r\n\t\t\t\t<h5>Cl\u00ednica Dental Odontopediatr\u00eda Gema Jim\u00e9nez<\/h5>\r\n\t\t\t\t<i class=\"ot-flaticon-add\"><\/i>\r\n\t\t\t<\/span>\r\n\t\t<\/div>\r\n\t\t<div class=\"portfolio-info\">\r\n\t\t\t<div class=\"portfolio-info-inner\">\r\n\t\t\t\t<h5><a class=\"title-link\" href=\"https:\/\/pahubel.com\/en\/portfolio\/clinica-odontopediatria\/\" data-src=\"https:\/\/pahubel.com\/wp-content\/uploads\/2023\/07\/DSC03455-HDR-web.webp\" data-sub-html=\"Cl\u00ednica Dental Odontopediatr\u00eda Gema Jim\u00e9nez\">Cl\u00ednica Dental Odontopediatr\u00eda Gema Jim\u00e9nez<\/a><\/h5>\r\n\t\t\t\t<p class=\"portfolio-cates\"><a href=\"https:\/\/pahubel.com\/en\/portfolio-category\/proyectos\/\">Proyectos<\/a><\/p> \r\n\t\t\t<\/div>\r\n\t\t\t<a class=\"overlay\" href=\"https:\/\/pahubel.com\/en\/portfolio\/clinica-odontopediatria\/\"><\/a>\r\n\t\t<\/div>\r\n\t<\/div>\r\n<\/div>\r\n<div class=\"project-item category-34 \">\r\n\t<div class=\"projects-box\">\r\n\t\t<div class=\"projects-thumbnail\" data-src=\"https:\/\/pahubel.com\/wp-content\/uploads\/2024\/08\/Pahubel_ClinicaDentalPaulaSanchez_FAchada-1.jpg\" data-sub-html=\"Clinica Dental Paula S\u00e1nchez\">\r\n\t\t\t<a href=\"https:\/\/pahubel.com\/en\/portfolio\/clinica-dental-paula-sanchez\/\">\r\n\t\t\t\t<img decoding=\"async\" width=\"720\" height=\"720\" src=\"https:\/\/pahubel.com\/wp-content\/uploads\/2024\/08\/Pahubel_ClinicaDentalPaulaSanchez_FAchada-1-720x720.jpg\" class=\"attachment-theratio-portfolio-thumbnail-grid size-theratio-portfolio-thumbnail-grid wp-post-image\" alt=\"\" srcset=\"https:\/\/pahubel.com\/wp-content\/uploads\/2024\/08\/Pahubel_ClinicaDentalPaulaSanchez_FAchada-1-720x720.jpg 720w, https:\/\/pahubel.com\/wp-content\/uploads\/2024\/08\/Pahubel_ClinicaDentalPaulaSanchez_FAchada-1-150x150.jpg 150w\" sizes=\"(max-width: 720px) 100vw, 720px\" \/>\t\t\t<\/a>\r\n\t\t\t\r\n\t\t\t<span class=\"overlay\">\r\n\t\t\t\t<h5>Clinica Dental Paula S\u00e1nchez<\/h5>\r\n\t\t\t\t<i class=\"ot-flaticon-add\"><\/i>\r\n\t\t\t<\/span>\r\n\t\t<\/div>\r\n\t\t<div class=\"portfolio-info\">\r\n\t\t\t<div class=\"portfolio-info-inner\">\r\n\t\t\t\t<h5><a class=\"title-link\" href=\"https:\/\/pahubel.com\/en\/portfolio\/clinica-dental-paula-sanchez\/\" data-src=\"https:\/\/pahubel.com\/wp-content\/uploads\/2024\/08\/Pahubel_ClinicaDentalPaulaSanchez_FAchada-1.jpg\" data-sub-html=\"Clinica Dental Paula S\u00e1nchez\">Clinica Dental Paula S\u00e1nchez<\/a><\/h5>\r\n\t\t\t\t<p class=\"portfolio-cates\"><a href=\"https:\/\/pahubel.com\/en\/portfolio-category\/proyectos\/\">Proyectos<\/a><\/p> \r\n\t\t\t<\/div>\r\n\t\t\t<a class=\"overlay\" href=\"https:\/\/pahubel.com\/en\/portfolio\/clinica-dental-paula-sanchez\/\"><\/a>\r\n\t\t<\/div>\r\n\t<\/div>\r\n<\/div>\r\n<div class=\"project-item category-34 \">\r\n\t<div class=\"projects-box\">\r\n\t\t<div class=\"projects-thumbnail\" data-src=\"https:\/\/pahubel.com\/wp-content\/uploads\/2024\/08\/Pahubel_SherryVisionvision.jpeg\" data-sub-html=\"Sherry Visi\u00f3n Centro \u00d3ptico\">\r\n\t\t\t<a href=\"https:\/\/pahubel.com\/en\/portfolio\/sherry-vision-centro-optico\/\">\r\n\t\t\t\t<img loading=\"lazy\" decoding=\"async\" width=\"720\" height=\"720\" src=\"https:\/\/pahubel.com\/wp-content\/uploads\/2024\/08\/Pahubel_SherryVisionvision-720x720.jpeg\" class=\"attachment-theratio-portfolio-thumbnail-grid size-theratio-portfolio-thumbnail-grid wp-post-image\" alt=\"\" srcset=\"https:\/\/pahubel.com\/wp-content\/uploads\/2024\/08\/Pahubel_SherryVisionvision-720x720.jpeg 720w, https:\/\/pahubel.com\/wp-content\/uploads\/2024\/08\/Pahubel_SherryVisionvision-150x150.jpeg 150w\" sizes=\"(max-width: 720px) 100vw, 720px\" \/>\t\t\t<\/a>\r\n\t\t\t\r\n\t\t\t<span class=\"overlay\">\r\n\t\t\t\t<h5>Sherry Visi\u00f3n Centro \u00d3ptico<\/h5>\r\n\t\t\t\t<i class=\"ot-flaticon-add\"><\/i>\r\n\t\t\t<\/span>\r\n\t\t<\/div>\r\n\t\t<div class=\"portfolio-info\">\r\n\t\t\t<div class=\"portfolio-info-inner\">\r\n\t\t\t\t<h5><a class=\"title-link\" href=\"https:\/\/pahubel.com\/en\/portfolio\/sherry-vision-centro-optico\/\" data-src=\"https:\/\/pahubel.com\/wp-content\/uploads\/2024\/08\/Pahubel_SherryVisionvision.jpeg\" data-sub-html=\"Sherry Visi\u00f3n Centro \u00d3ptico\">Sherry Visi\u00f3n Centro \u00d3ptico<\/a><\/h5>\r\n\t\t\t\t<p class=\"portfolio-cates\"><a href=\"https:\/\/pahubel.com\/en\/portfolio-category\/proyectos\/\">Proyectos<\/a><\/p> \r\n\t\t\t<\/div>\r\n\t\t\t<a class=\"overlay\" href=\"https:\/\/pahubel.com\/en\/portfolio\/sherry-vision-centro-optico\/\"><\/a>\r\n\t\t<\/div>\r\n\t<\/div>\r\n<\/div>\r\n<div class=\"project-item category-34 \">\r\n\t<div class=\"projects-box\">\r\n\t\t<div class=\"projects-thumbnail\" data-src=\"https:\/\/pahubel.com\/wp-content\/uploads\/2024\/08\/Pahubel_ClinicaCopanoSalaEspera.jpg\" data-sub-html=\"Cl\u00ednica Dental Copano\">\r\n\t\t\t<a href=\"https:\/\/pahubel.com\/en\/portfolio\/clinica-dental-copano\/\">\r\n\t\t\t\t<img loading=\"lazy\" decoding=\"async\" width=\"720\" height=\"720\" src=\"https:\/\/pahubel.com\/wp-content\/uploads\/2024\/08\/Pahubel_ClinicaCopanoSalaEspera-720x720.jpg\" class=\"attachment-theratio-portfolio-thumbnail-grid size-theratio-portfolio-thumbnail-grid wp-post-image\" alt=\"\" srcset=\"https:\/\/pahubel.com\/wp-content\/uploads\/2024\/08\/Pahubel_ClinicaCopanoSalaEspera-720x720.jpg 720w, https:\/\/pahubel.com\/wp-content\/uploads\/2024\/08\/Pahubel_ClinicaCopanoSalaEspera-150x150.jpg 150w\" sizes=\"(max-width: 720px) 100vw, 720px\" \/>\t\t\t<\/a>\r\n\t\t\t\r\n\t\t\t<span class=\"overlay\">\r\n\t\t\t\t<h5>Cl\u00ednica Dental Copano<\/h5>\r\n\t\t\t\t<i class=\"ot-flaticon-add\"><\/i>\r\n\t\t\t<\/span>\r\n\t\t<\/div>\r\n\t\t<div class=\"portfolio-info\">\r\n\t\t\t<div class=\"portfolio-info-inner\">\r\n\t\t\t\t<h5><a class=\"title-link\" href=\"https:\/\/pahubel.com\/en\/portfolio\/clinica-dental-copano\/\" data-src=\"https:\/\/pahubel.com\/wp-content\/uploads\/2024\/08\/Pahubel_ClinicaCopanoSalaEspera.jpg\" data-sub-html=\"Cl\u00ednica Dental Copano\">Cl\u00ednica Dental Copano<\/a><\/h5>\r\n\t\t\t\t<p class=\"portfolio-cates\"><a href=\"https:\/\/pahubel.com\/en\/portfolio-category\/proyectos\/\">Proyectos<\/a><\/p> \r\n\t\t\t<\/div>\r\n\t\t\t<a class=\"overlay\" href=\"https:\/\/pahubel.com\/en\/portfolio\/clinica-dental-copano\/\"><\/a>\r\n\t\t<\/div>\r\n\t<\/div>\r\n<\/div>\r\n<div class=\"project-item category-34 \">\r\n\t<div class=\"projects-box\">\r\n\t\t<div class=\"projects-thumbnail\" data-src=\"https:\/\/pahubel.com\/wp-content\/uploads\/2024\/08\/Pahubel_ClinicaDentalMarianela_Fachada.png\" data-sub-html=\"Cl\u00ednica Dental Marianela Triguero\">\r\n\t\t\t<a href=\"https:\/\/pahubel.com\/en\/portfolio\/clinica-dental-marianela-triguero\/\">\r\n\t\t\t\t<img loading=\"lazy\" decoding=\"async\" width=\"720\" height=\"720\" src=\"https:\/\/pahubel.com\/wp-content\/uploads\/2024\/08\/Pahubel_ClinicaDentalMarianela_Fachada-720x720.png\" class=\"attachment-theratio-portfolio-thumbnail-grid size-theratio-portfolio-thumbnail-grid wp-post-image\" alt=\"\" srcset=\"https:\/\/pahubel.com\/wp-content\/uploads\/2024\/08\/Pahubel_ClinicaDentalMarianela_Fachada-720x720.png 720w, https:\/\/pahubel.com\/wp-content\/uploads\/2024\/08\/Pahubel_ClinicaDentalMarianela_Fachada-150x150.png 150w\" sizes=\"(max-width: 720px) 100vw, 720px\" \/>\t\t\t<\/a>\r\n\t\t\t\r\n\t\t\t<span class=\"overlay\">\r\n\t\t\t\t<h5>Cl\u00ednica Dental Marianela Triguero<\/h5>\r\n\t\t\t\t<i class=\"ot-flaticon-add\"><\/i>\r\n\t\t\t<\/span>\r\n\t\t<\/div>\r\n\t\t<div class=\"portfolio-info\">\r\n\t\t\t<div class=\"portfolio-info-inner\">\r\n\t\t\t\t<h5><a class=\"title-link\" href=\"https:\/\/pahubel.com\/en\/portfolio\/clinica-dental-marianela-triguero\/\" data-src=\"https:\/\/pahubel.com\/wp-content\/uploads\/2024\/08\/Pahubel_ClinicaDentalMarianela_Fachada.png\" data-sub-html=\"Cl\u00ednica Dental Marianela Triguero\">Cl\u00ednica Dental Marianela Triguero<\/a><\/h5>\r\n\t\t\t\t<p class=\"portfolio-cates\"><a href=\"https:\/\/pahubel.com\/en\/portfolio-category\/proyectos\/\">Proyectos<\/a><\/p> \r\n\t\t\t<\/div>\r\n\t\t\t<a class=\"overlay\" href=\"https:\/\/pahubel.com\/en\/portfolio\/clinica-dental-marianela-triguero\/\"><\/a>\r\n\t\t<\/div>\r\n\t<\/div>\r\n<\/div>\t\t\t<\/div>\r\n\r\n\t\t\t\t    <\/div>\r\n\t\t\t\t\t\t\t\t\t\t\r\n\t    \t\t\t\t<\/div>\n\t\t\t\t<\/div>\n\t\t\t\t\t<\/div>\n\t\t<\/div>\n\t\t\t\t\t<\/div>\n\t\t<\/section>\n\t\t\t\t<\/div>\n\t\t","protected":false},"excerpt":{"rendered":"<p>[ Nuestros proyectos ] Descubre algunos de nuestros \u00faltimos proyectos Clinica Dental Paula S\u00e1nchez Clinica Dental Paula S\u00e1nchez Proyectos Sherry Visi\u00f3n Centro \u00d3ptico Sherry Visi\u00f3n Centro \u00d3ptico Proyectos Cl\u00ednica Dental Copano Cl\u00ednica Dental Copano Proyectos Cl\u00ednica Dental Marianela Triguero Cl\u00ednica Dental Marianela Triguero Proyectos Cl\u00ednica Dental Gema Jim\u00e9nez Cl\u00ednica Dental Gema Jim\u00e9nez Proyectos Cl\u00ednica Dental [&hellip;]<\/p>\n","protected":false},"author":2,"featured_media":0,"parent":0,"menu_order":0,"comment_status":"closed","ping_status":"closed","template":"","meta":{"_monsterinsights_skip_tracking":false,"_monsterinsights_sitenote_active":false,"_monsterinsights_sitenote_note":"","_monsterinsights_sitenote_category":0,"footnotes":""},"class_list":["post-3872","page","type-page","status-publish","hentry"],"yoast_head":"<!-- This site is optimized with the Yoast SEO plugin v27.4 - https:\/\/yoast.com\/product\/yoast-seo-wordpress\/ -->\n<title>Pahubel Jerez de la Frontera - Proyectos<\/title>\n<meta name=\"robots\" content=\"index, follow, max-snippet:-1, max-image-preview:large, max-video-preview:-1\" \/>\n<link rel=\"canonical\" href=\"https:\/\/pahubel.com\/en\/proyectos\/\" \/>\n<meta property=\"og:locale\" content=\"en_GB\" \/>\n<meta property=\"og:type\" content=\"article\" \/>\n<meta property=\"og:title\" content=\"Pahubel Jerez de la Frontera - Proyectos\" \/>\n<meta property=\"og:description\" content=\"[ Nuestros proyectos ] Descubre algunos de nuestros \u00faltimos proyectos Clinica Dental Paula S\u00e1nchez Clinica Dental Paula S\u00e1nchez Proyectos Sherry Visi\u00f3n Centro \u00d3ptico Sherry Visi\u00f3n Centro \u00d3ptico Proyectos Cl\u00ednica Dental Copano Cl\u00ednica Dental Copano Proyectos Cl\u00ednica Dental Marianela Triguero Cl\u00ednica Dental Marianela Triguero Proyectos Cl\u00ednica Dental Gema Jim\u00e9nez Cl\u00ednica Dental Gema Jim\u00e9nez Proyectos Cl\u00ednica Dental [&hellip;]\" \/>\n<meta property=\"og:url\" content=\"https:\/\/pahubel.com\/en\/proyectos\/\" \/>\n<meta property=\"og:site_name\" content=\"Pahubel Jerez de la Frontera\" \/>\n<meta property=\"article:modified_time\" content=\"2024-08-29T22:21:31+00:00\" \/>\n<meta property=\"og:image\" content=\"https:\/\/pahubel.com\/wp-content\/uploads\/2024\/08\/Pahubel_ClinicaDentalPaulaSanchez_ClientesFelices-720x720.jpg\" \/>\n<meta name=\"twitter:card\" content=\"summary_large_image\" \/>\n<meta name=\"twitter:label1\" content=\"Estimated reading time\" \/>\n\t<meta name=\"twitter:data1\" content=\"2 minutes\" \/>\n<script type=\"application\/ld+json\" class=\"yoast-schema-graph\">{\"@context\":\"https:\\\/\\\/schema.org\",\"@graph\":[{\"@type\":\"WebPage\",\"@id\":\"https:\\\/\\\/pahubel.com\\\/proyectos\\\/\",\"url\":\"https:\\\/\\\/pahubel.com\\\/proyectos\\\/\",\"name\":\"Pahubel Jerez de la Frontera - Proyectos\",\"isPartOf\":{\"@id\":\"https:\\\/\\\/pahubel.com\\\/#website\"},\"primaryImageOfPage\":{\"@id\":\"https:\\\/\\\/pahubel.com\\\/proyectos\\\/#primaryimage\"},\"image\":{\"@id\":\"https:\\\/\\\/pahubel.com\\\/proyectos\\\/#primaryimage\"},\"thumbnailUrl\":\"https:\\\/\\\/pahubel.com\\\/wp-content\\\/uploads\\\/2024\\\/08\\\/Pahubel_ClinicaDentalPaulaSanchez_ClientesFelices-720x720.jpg\",\"datePublished\":\"2020-07-02T09:04:21+00:00\",\"dateModified\":\"2024-08-29T22:21:31+00:00\",\"breadcrumb\":{\"@id\":\"https:\\\/\\\/pahubel.com\\\/proyectos\\\/#breadcrumb\"},\"inLanguage\":\"en-GB\",\"potentialAction\":[{\"@type\":\"ReadAction\",\"target\":[\"https:\\\/\\\/pahubel.com\\\/proyectos\\\/\"]}]},{\"@type\":\"ImageObject\",\"inLanguage\":\"en-GB\",\"@id\":\"https:\\\/\\\/pahubel.com\\\/proyectos\\\/#primaryimage\",\"url\":\"https:\\\/\\\/pahubel.com\\\/wp-content\\\/uploads\\\/2024\\\/08\\\/Pahubel_ClinicaDentalPaulaSanchez_ClientesFelices-720x720.jpg\",\"contentUrl\":\"https:\\\/\\\/pahubel.com\\\/wp-content\\\/uploads\\\/2024\\\/08\\\/Pahubel_ClinicaDentalPaulaSanchez_ClientesFelices-720x720.jpg\"},{\"@type\":\"BreadcrumbList\",\"@id\":\"https:\\\/\\\/pahubel.com\\\/proyectos\\\/#breadcrumb\",\"itemListElement\":[{\"@type\":\"ListItem\",\"position\":1,\"name\":\"Portada\",\"item\":\"https:\\\/\\\/pahubel.com\\\/\"},{\"@type\":\"ListItem\",\"position\":2,\"name\":\"Proyectos\"}]},{\"@type\":\"WebSite\",\"@id\":\"https:\\\/\\\/pahubel.com\\\/#website\",\"url\":\"https:\\\/\\\/pahubel.com\\\/\",\"name\":\"Pahubel Jerez de la Frontera\",\"description\":\"Pahubel\",\"publisher\":{\"@id\":\"https:\\\/\\\/pahubel.com\\\/#organization\"},\"alternateName\":\"Pahubel Jerez\",\"potentialAction\":[{\"@type\":\"SearchAction\",\"target\":{\"@type\":\"EntryPoint\",\"urlTemplate\":\"https:\\\/\\\/pahubel.com\\\/?s={search_term_string}\"},\"query-input\":{\"@type\":\"PropertyValueSpecification\",\"valueRequired\":true,\"valueName\":\"search_term_string\"}}],\"inLanguage\":\"en-GB\"},{\"@type\":\"Organization\",\"@id\":\"https:\\\/\\\/pahubel.com\\\/#organization\",\"name\":\"Pahubel Jerez de la Frontera\",\"url\":\"https:\\\/\\\/pahubel.com\\\/\",\"logo\":{\"@type\":\"ImageObject\",\"inLanguage\":\"en-GB\",\"@id\":\"https:\\\/\\\/pahubel.com\\\/#\\\/schema\\\/logo\\\/image\\\/\",\"url\":\"http:\\\/\\\/testdesarrollo.pahubel.es\\\/wp-content\\\/uploads\\\/2020\\\/07\\\/Logo-Pahubel-web.png\",\"contentUrl\":\"http:\\\/\\\/testdesarrollo.pahubel.es\\\/wp-content\\\/uploads\\\/2020\\\/07\\\/Logo-Pahubel-web.png\",\"width\":781,\"height\":223,\"caption\":\"Pahubel Jerez de la Frontera\"},\"image\":{\"@id\":\"https:\\\/\\\/pahubel.com\\\/#\\\/schema\\\/logo\\\/image\\\/\"}}]}<\/script>\n<!-- \/ Yoast SEO plugin. -->","yoast_head_json":{"title":"Pahubel Jerez de la Frontera - Proyectos","robots":{"index":"index","follow":"follow","max-snippet":"max-snippet:-1","max-image-preview":"max-image-preview:large","max-video-preview":"max-video-preview:-1"},"canonical":"https:\/\/pahubel.com\/en\/proyectos\/","og_locale":"en_GB","og_type":"article","og_title":"Pahubel Jerez de la Frontera - Proyectos","og_description":"[ Nuestros proyectos ] Descubre algunos de nuestros \u00faltimos proyectos Clinica Dental Paula S\u00e1nchez Clinica Dental Paula S\u00e1nchez Proyectos Sherry Visi\u00f3n Centro \u00d3ptico Sherry Visi\u00f3n Centro \u00d3ptico Proyectos Cl\u00ednica Dental Copano Cl\u00ednica Dental Copano Proyectos Cl\u00ednica Dental Marianela Triguero Cl\u00ednica Dental Marianela Triguero Proyectos Cl\u00ednica Dental Gema Jim\u00e9nez Cl\u00ednica Dental Gema Jim\u00e9nez Proyectos Cl\u00ednica Dental [&hellip;]","og_url":"https:\/\/pahubel.com\/en\/proyectos\/","og_site_name":"Pahubel Jerez de la Frontera","article_modified_time":"2024-08-29T22:21:31+00:00","og_image":[{"url":"https:\/\/pahubel.com\/wp-content\/uploads\/2024\/08\/Pahubel_ClinicaDentalPaulaSanchez_ClientesFelices-720x720.jpg","type":"","width":"","height":""}],"twitter_card":"summary_large_image","twitter_misc":{"Estimated reading time":"2 minutes"},"schema":{"@context":"https:\/\/schema.org","@graph":[{"@type":"WebPage","@id":"https:\/\/pahubel.com\/proyectos\/","url":"https:\/\/pahubel.com\/proyectos\/","name":"Pahubel Jerez de la Frontera - Proyectos","isPartOf":{"@id":"https:\/\/pahubel.com\/#website"},"primaryImageOfPage":{"@id":"https:\/\/pahubel.com\/proyectos\/#primaryimage"},"image":{"@id":"https:\/\/pahubel.com\/proyectos\/#primaryimage"},"thumbnailUrl":"https:\/\/pahubel.com\/wp-content\/uploads\/2024\/08\/Pahubel_ClinicaDentalPaulaSanchez_ClientesFelices-720x720.jpg","datePublished":"2020-07-02T09:04:21+00:00","dateModified":"2024-08-29T22:21:31+00:00","breadcrumb":{"@id":"https:\/\/pahubel.com\/proyectos\/#breadcrumb"},"inLanguage":"en-GB","potentialAction":[{"@type":"ReadAction","target":["https:\/\/pahubel.com\/proyectos\/"]}]},{"@type":"ImageObject","inLanguage":"en-GB","@id":"https:\/\/pahubel.com\/proyectos\/#primaryimage","url":"https:\/\/pahubel.com\/wp-content\/uploads\/2024\/08\/Pahubel_ClinicaDentalPaulaSanchez_ClientesFelices-720x720.jpg","contentUrl":"https:\/\/pahubel.com\/wp-content\/uploads\/2024\/08\/Pahubel_ClinicaDentalPaulaSanchez_ClientesFelices-720x720.jpg"},{"@type":"BreadcrumbList","@id":"https:\/\/pahubel.com\/proyectos\/#breadcrumb","itemListElement":[{"@type":"ListItem","position":1,"name":"Portada","item":"https:\/\/pahubel.com\/"},{"@type":"ListItem","position":2,"name":"Proyectos"}]},{"@type":"WebSite","@id":"https:\/\/pahubel.com\/#website","url":"https:\/\/pahubel.com\/","name":"Pahubel Jerez de la Frontera","description":"Pahubel","publisher":{"@id":"https:\/\/pahubel.com\/#organization"},"alternateName":"Pahubel Jerez","potentialAction":[{"@type":"SearchAction","target":{"@type":"EntryPoint","urlTemplate":"https:\/\/pahubel.com\/?s={search_term_string}"},"query-input":{"@type":"PropertyValueSpecification","valueRequired":true,"valueName":"search_term_string"}}],"inLanguage":"en-GB"},{"@type":"Organization","@id":"https:\/\/pahubel.com\/#organization","name":"Pahubel Jerez de la Frontera","url":"https:\/\/pahubel.com\/","logo":{"@type":"ImageObject","inLanguage":"en-GB","@id":"https:\/\/pahubel.com\/#\/schema\/logo\/image\/","url":"http:\/\/testdesarrollo.pahubel.es\/wp-content\/uploads\/2020\/07\/Logo-Pahubel-web.png","contentUrl":"http:\/\/testdesarrollo.pahubel.es\/wp-content\/uploads\/2020\/07\/Logo-Pahubel-web.png","width":781,"height":223,"caption":"Pahubel Jerez de la Frontera"},"image":{"@id":"https:\/\/pahubel.com\/#\/schema\/logo\/image\/"}}]}},"_links":{"self":[{"href":"https:\/\/pahubel.com\/en\/wp-json\/wp\/v2\/pages\/3872","targetHints":{"allow":["GET"]}}],"collection":[{"href":"https:\/\/pahubel.com\/en\/wp-json\/wp\/v2\/pages"}],"about":[{"href":"https:\/\/pahubel.com\/en\/wp-json\/wp\/v2\/types\/page"}],"author":[{"embeddable":true,"href":"https:\/\/pahubel.com\/en\/wp-json\/wp\/v2\/users\/2"}],"replies":[{"embeddable":true,"href":"https:\/\/pahubel.com\/en\/wp-json\/wp\/v2\/comments?post=3872"}],"version-history":[{"count":56,"href":"https:\/\/pahubel.com\/en\/wp-json\/wp\/v2\/pages\/3872\/revisions"}],"predecessor-version":[{"id":6324,"href":"https:\/\/pahubel.com\/en\/wp-json\/wp\/v2\/pages\/3872\/revisions\/6324"}],"wp:attachment":[{"href":"https:\/\/pahubel.com\/en\/wp-json\/wp\/v2\/media?parent=3872"}],"curies":[{"name":"wp","href":"https:\/\/api.w.org\/{rel}","templated":true}]}}