{"id":2405,"date":"2020-05-14T07:52:00","date_gmt":"2020-05-14T07:52:00","guid":{"rendered":"http:\/\/localhost\/theratio\/?page_id=2405"},"modified":"2023-08-07T07:48:32","modified_gmt":"2023-08-07T07:48:32","slug":"servicios","status":"publish","type":"page","link":"https:\/\/pahubel.com\/en\/servicios\/","title":{"rendered":"Servicios"},"content":{"rendered":"\t\t<div data-elementor-type=\"wp-page\" data-elementor-id=\"2405\" class=\"elementor elementor-2405\">\n\t\t\t\t\t\t<section class=\"elementor-section elementor-top-section elementor-element elementor-element-3bb35a6 elementor-section-boxed elementor-section-height-default elementor-section-height-default\" data-id=\"3bb35a6\" data-element_type=\"section\" data-e-type=\"section\">\n\t\t\t\t\t\t<div class=\"elementor-container elementor-column-gap-extended\">\n\t\t\t\t\t<div class=\"elementor-column elementor-col-33 elementor-top-column elementor-element elementor-element-ec97937 ot-flex-column-vertical\" data-id=\"ec97937\" data-element_type=\"column\" data-e-type=\"column\">\n\t\t\t<div class=\"elementor-widget-wrap elementor-element-populated\">\n\t\t\t\t\t\t<div class=\"elementor-element elementor-element-e07df3e elementor-widget-tablet__width-initial theratio-tablet-align-center elementor-widget elementor-widget-iheading\" data-id=\"e07df3e\" data-element_type=\"widget\" data-e-type=\"widget\" data-widget_type=\"iheading.default\">\n\t\t\t\t<div class=\"elementor-widget-container\">\n\t\t\t\t\t\t\t<div class=\"ot-heading \">\r\n\t        \t            <span>[ Nuestros servicios ]<\/span>\r\n\t        \t        <h2 class=\"main-heading\">Un servicio integral que adaptamos siempre a las necesidades de cada cliente<\/h2>\r\n\t        \t    <\/div>\r\n\t    \t\t\t\t<\/div>\n\t\t\t\t<\/div>\n\t\t\t\t<div class=\"elementor-element elementor-element-f104b38 elementor-tablet-align-center elementor-widget elementor-widget-ibutton\" data-id=\"f104b38\" data-element_type=\"widget\" data-e-type=\"widget\" data-widget_type=\"ibutton.default\">\n\t\t\t\t<div class=\"elementor-widget-container\">\n\t\t\t\t\t\t\t<div class=\"ot-button\">\r\n\t\t\t<a href=\"\/proyectos\/\" class=\"octf-btn octf-btn-dark\">Ver proyectos<\/a>\r\n\t    <\/div>\r\n\t    \t\t\t\t<\/div>\n\t\t\t\t<\/div>\n\t\t\t\t\t<\/div>\n\t\t<\/div>\n\t\t\t\t<div class=\"elementor-column elementor-col-66 elementor-top-column elementor-element elementor-element-d5683e0 ot-flex-column-vertical\" data-id=\"d5683e0\" data-element_type=\"column\" data-e-type=\"column\">\n\t\t\t<div class=\"elementor-widget-wrap elementor-element-populated\">\n\t\t\t\t\t\t<section class=\"elementor-section elementor-inner-section elementor-element elementor-element-1239be6 elementor-section-full_width elementor-section-height-default elementor-section-height-default\" data-id=\"1239be6\" data-element_type=\"section\" data-e-type=\"section\">\n\t\t\t\t\t\t<div class=\"elementor-container elementor-column-gap-extended\">\n\t\t\t\t\t<div class=\"elementor-column elementor-col-50 elementor-inner-column elementor-element elementor-element-721e912 ot-flex-column-vertical\" data-id=\"721e912\" data-element_type=\"column\" data-e-type=\"column\">\n\t\t\t<div class=\"elementor-widget-wrap elementor-element-populated\">\n\t\t\t\t\t\t<div class=\"elementor-element elementor-element-7a0e542 elementor-widget elementor-widget-iiconbox2\" data-id=\"7a0e542\" data-element_type=\"widget\" data-e-type=\"widget\" data-widget_type=\"iiconbox2.default\">\n\t\t\t\t<div class=\"elementor-widget-container\">\n\t\t\t\t\t\t\t<div class=\"icon-box icon-box--classic icon-box--icon-top\">\r\n\t\t\t<div class=\"icon-main\">\r\n\t\t        \t\t\t    <img decoding=\"async\" src=\"https:\/\/pahubel.com\/wp-content\/uploads\/elementor\/thumbs\/ICONOS-WEB-25-q9za4jw1710j1pn57rvbwphbcfcwbxqoktvmv1asxw.png\" title=\"ICONOS-WEB-25\" alt=\"ICONOS-WEB-25\" loading=\"lazy\" \/>\t\t        \t        <\/div>\r\n\t        <div class=\"content-box\">\r\n\t\t        <h5>Dise\u00f1o y Ejecuci\u00f3n de Centros Sanitarios<\/h5>\r\n\t\t        <p><\/p>\r\n\t\t\t<\/div>\r\n\t    <\/div>\r\n\t    \t\t\t\t<\/div>\n\t\t\t\t<\/div>\n\t\t\t\t\t<\/div>\n\t\t<\/div>\n\t\t\t\t<div class=\"elementor-column elementor-col-50 elementor-inner-column elementor-element elementor-element-475fa64 ot-flex-column-vertical\" data-id=\"475fa64\" data-element_type=\"column\" data-e-type=\"column\">\n\t\t\t<div class=\"elementor-widget-wrap elementor-element-populated\">\n\t\t\t\t\t\t<div class=\"elementor-element elementor-element-2e47a36 elementor-widget elementor-widget-iiconbox2\" data-id=\"2e47a36\" data-element_type=\"widget\" data-e-type=\"widget\" data-widget_type=\"iiconbox2.default\">\n\t\t\t\t<div class=\"elementor-widget-container\">\n\t\t\t\t\t\t\t<div class=\"icon-box icon-box--classic icon-box--icon-top\">\r\n\t\t\t<div class=\"icon-main\">\r\n\t\t        \t\t\t    <img decoding=\"async\" src=\"https:\/\/pahubel.com\/wp-content\/uploads\/elementor\/thumbs\/ICONOS-WEB-27-q9za4reqppatmlc7zv4cgnl03ibu1ikj9v3ip8znk4.png\" title=\"ICONOS-WEB-27\" alt=\"ICONOS-WEB-27\" loading=\"lazy\" \/>\t\t        \t        <\/div>\r\n\t        <div class=\"content-box\">\r\n\t\t        <h5>Construcci\u00f3n y Reforma de de Centros Sanitarios<\/h5>\r\n\t\t        <p><\/p>\r\n\t\t\t<\/div>\r\n\t    <\/div>\r\n\t    \t\t\t\t<\/div>\n\t\t\t\t<\/div>\n\t\t\t\t\t<\/div>\n\t\t<\/div>\n\t\t\t\t\t<\/div>\n\t\t<\/section>\n\t\t\t\t<section class=\"elementor-section elementor-inner-section elementor-element elementor-element-a20674c elementor-section-full_width elementor-section-height-default elementor-section-height-default\" data-id=\"a20674c\" data-element_type=\"section\" data-e-type=\"section\">\n\t\t\t\t\t\t<div class=\"elementor-container elementor-column-gap-extended\">\n\t\t\t\t\t<div class=\"elementor-column elementor-col-50 elementor-inner-column elementor-element elementor-element-606acfe ot-flex-column-vertical\" data-id=\"606acfe\" data-element_type=\"column\" data-e-type=\"column\">\n\t\t\t<div class=\"elementor-widget-wrap elementor-element-populated\">\n\t\t\t\t\t\t<div class=\"elementor-element elementor-element-2cabe9d elementor-widget elementor-widget-iiconbox2\" data-id=\"2cabe9d\" data-element_type=\"widget\" data-e-type=\"widget\" data-widget_type=\"iiconbox2.default\">\n\t\t\t\t<div class=\"elementor-widget-container\">\n\t\t\t\t\t\t\t<div class=\"icon-box icon-box--classic icon-box--icon-top\">\r\n\t\t\t<div class=\"icon-main\">\r\n\t\t        \t\t\t    <img decoding=\"async\" src=\"https:\/\/pahubel.com\/wp-content\/uploads\/elementor\/thumbs\/ICONOS-WEB-28-q9za4v63h1fyx16rdwquqmmuh1tawazgmdpgmcu2v8.png\" title=\"ICONOS-WEB-28\" alt=\"ICONOS-WEB-28\" loading=\"lazy\" \/>\t\t        \t        <\/div>\r\n\t        <div class=\"content-box\">\r\n\t\t        <h5>Legalizaci\u00f3n en Consejer\u00eda de Salud e Industria de Instalaciones Sanitarias<\/h5>\r\n\t\t        <p><\/p>\r\n\t\t\t<\/div>\r\n\t    <\/div>\r\n\t    \t\t\t\t<\/div>\n\t\t\t\t<\/div>\n\t\t\t\t\t<\/div>\n\t\t<\/div>\n\t\t\t\t<div class=\"elementor-column elementor-col-50 elementor-inner-column elementor-element elementor-element-088e468 ot-flex-column-vertical\" data-id=\"088e468\" data-element_type=\"column\" data-e-type=\"column\">\n\t\t\t<div class=\"elementor-widget-wrap elementor-element-populated\">\n\t\t\t\t\t\t<div class=\"elementor-element elementor-element-d05e51e elementor-widget elementor-widget-iiconbox2\" data-id=\"d05e51e\" data-element_type=\"widget\" data-e-type=\"widget\" data-widget_type=\"iiconbox2.default\">\n\t\t\t\t<div class=\"elementor-widget-container\">\n\t\t\t\t\t\t\t<div class=\"icon-box icon-box--classic icon-box--icon-top\">\r\n\t\t\t<div class=\"icon-main\">\r\n\t\t        \t\t\t    <img decoding=\"async\" src=\"https:\/\/pahubel.com\/wp-content\/uploads\/elementor\/thumbs\/ICONOS-WEB-26-q9za4nndyd5oc5holthu6oj5pyud6q5lxchks55890.png\" title=\"ICONOS-WEB-26\" alt=\"ICONOS-WEB-26\" loading=\"lazy\" \/>\t\t        \t        <\/div>\r\n\t        <div class=\"content-box\">\r\n\t\t        <h5>Servicio \"Llave en mano\u201d<\/h5>\r\n\t\t        <p><\/p>\r\n\t\t\t<\/div>\r\n\t    <\/div>\r\n\t    \t\t\t\t<\/div>\n\t\t\t\t<\/div>\n\t\t\t\t\t<\/div>\n\t\t<\/div>\n\t\t\t\t\t<\/div>\n\t\t<\/section>\n\t\t\t\t\t<\/div>\n\t\t<\/div>\n\t\t\t\t\t<\/div>\n\t\t<\/section>\n\t\t\t\t<section class=\"elementor-section elementor-top-section elementor-element elementor-element-19fb502 elementor-section-content-middle has-lines-vertical has-lines-vertical-center elementor-section-boxed elementor-section-height-default elementor-section-height-default\" data-id=\"19fb502\" data-element_type=\"section\" data-e-type=\"section\">\n\t\t\t\t\t\t<div class=\"elementor-container elementor-column-gap-extended\">\n\t\t\t\t\t<div class=\"elementor-column elementor-col-50 elementor-top-column elementor-element elementor-element-ed2c097 ot-flex-column-vertical\" data-id=\"ed2c097\" data-element_type=\"column\" data-e-type=\"column\">\n\t\t\t<div class=\"elementor-widget-wrap elementor-element-populated\">\n\t\t\t\t\t\t<div class=\"elementor-element elementor-element-5188fee elementor-widget elementor-widget-image\" data-id=\"5188fee\" data-element_type=\"widget\" data-e-type=\"widget\" data-widget_type=\"image.default\">\n\t\t\t\t<div class=\"elementor-widget-container\">\n\t\t\t\t\t\t\t\t\t\t\t\t\t\t\t<img decoding=\"async\" src=\"https:\/\/pahubel.com\/wp-content\/uploads\/elementor\/thumbs\/imagenes-redondas-pahubel_Mesa-de-trabajo-1-copia-2-qa7udf7f6nmcqgfkswvh2gcmivs3j9xs9dvz7tatm8.webp\" title=\"imagenes-redondas-pahubel_Mesa de trabajo 1 copia 2\" alt=\"imagenes-redondas-pahubel_Mesa de trabajo 1 copia 2\" loading=\"lazy\" \/>\t\t\t\t\t\t\t\t\t\t\t\t\t\t\t<\/div>\n\t\t\t\t<\/div>\n\t\t\t\t\t<\/div>\n\t\t<\/div>\n\t\t\t\t<div class=\"elementor-column elementor-col-50 elementor-top-column elementor-element elementor-element-cebc45e ot-flex-column-vertical\" data-id=\"cebc45e\" data-element_type=\"column\" data-e-type=\"column\">\n\t\t\t<div class=\"elementor-widget-wrap elementor-element-populated\">\n\t\t\t\t\t\t<div class=\"elementor-element elementor-element-3e1de74 elementor-widget elementor-widget-heading\" data-id=\"3e1de74\" data-element_type=\"widget\" data-e-type=\"widget\" data-widget_type=\"heading.default\">\n\t\t\t\t<div class=\"elementor-widget-container\">\n\t\t\t\t\t<h4 class=\"elementor-heading-title elementor-size-small\">SECTOR SANITARIO<\/h4>\t\t\t\t<\/div>\n\t\t\t\t<\/div>\n\t\t\t\t<div class=\"elementor-element elementor-element-563c7d4 elementor-widget elementor-widget-heading\" data-id=\"563c7d4\" data-element_type=\"widget\" data-e-type=\"widget\" data-widget_type=\"heading.default\">\n\t\t\t\t<div class=\"elementor-widget-container\">\n\t\t\t\t\t<h2 class=\"elementor-heading-title elementor-size-xl\">Reformar tu cl\u00ednica dental, farmacia o centro sanitario \n<\/h2>\t\t\t\t<\/div>\n\t\t\t\t<\/div>\n\t\t\t\t<div class=\"elementor-element elementor-element-d14e177 elementor-widget elementor-widget-text-editor\" data-id=\"d14e177\" data-element_type=\"widget\" data-e-type=\"widget\" data-widget_type=\"text-editor.default\">\n\t\t\t\t<div class=\"elementor-widget-container\">\n\t\t\t\t\t\t\t\t\t<p><span style=\"font-weight: 400;\">El aumento de la competencia, la forma en la que los clientes consumen tu servicio y las nuevas tendencias hacen cada vez m\u00e1s importante contar con un local actualizado y renovado para poder destacar y ver crecer tu negocio. Para ayudarte, Pahubel cuenta con un equipo multidisciplinar que se encargar\u00e1 de ofrecerte un servicio de proyecto \u201cllave en mano\u201d donde, trabajando en equipo, lograremos crear y dar forma a tu proyecto desde cero.<\/span><\/p><p><span style=\"font-weight: 400;\">A\u00f1adimos valor a\u00f1adido a tu negocio, desde la creaci\u00f3n de una identidad corporativa atractiva al dise\u00f1o interior de tu espacio, as\u00ed como la puesta en marcha del proyecto t\u00e9cnico definitivo sin que tengas que preocuparte por ninguna gesti\u00f3n o solicitud de normativas vigentes o cualquier tipo de licencia. Siempre estaremos a tu lado para que la reforma de tu negocio sea todo un \u00e9xito.<\/span><\/p><p><span style=\"font-weight: 400;\">\u00bfA qu\u00e9 est\u00e1s esperando? Ll\u00e1manos y transformemos tu local en un nuevo espacio \u00fanico y atractivo.<\/span><\/p>\t\t\t\t\t\t\t\t<\/div>\n\t\t\t\t<\/div>\n\t\t\t\t<div class=\"elementor-element elementor-element-1d6b593 elementor-tablet-align-center elementor-mobile-align-center elementor-widget elementor-widget-ibutton\" data-id=\"1d6b593\" data-element_type=\"widget\" data-e-type=\"widget\" data-widget_type=\"ibutton.default\">\n\t\t\t\t<div class=\"elementor-widget-container\">\n\t\t\t\t\t\t\t<div class=\"ot-button\">\r\n\t\t\t<a href=\"\/contacto\/\" class=\"octf-btn octf-btn-dark\">contacta<\/a>\r\n\t    <\/div>\r\n\t    \t\t\t\t<\/div>\n\t\t\t\t<\/div>\n\t\t\t\t\t<\/div>\n\t\t<\/div>\n\t\t\t\t\t<\/div>\n\t\t<\/section>\n\t\t\t\t<\/div>\n\t\t","protected":false},"excerpt":{"rendered":"<p>[ Nuestros servicios ] Un servicio integral que adaptamos siempre a las necesidades de cada cliente Ver proyectos Dise\u00f1o y Ejecuci\u00f3n de Centros Sanitarios Construcci\u00f3n y Reforma de de Centros Sanitarios Legalizaci\u00f3n en Consejer\u00eda de Salud e Industria de Instalaciones Sanitarias Servicio \u00abLlave en mano\u201d SECTOR SANITARIO Reformar tu cl\u00ednica dental, farmacia o centro sanitario [&hellip;]<\/p>\n","protected":false},"author":2,"featured_media":0,"parent":0,"menu_order":0,"comment_status":"closed","ping_status":"closed","template":"","meta":{"_monsterinsights_skip_tracking":false,"_monsterinsights_sitenote_active":false,"_monsterinsights_sitenote_note":"","_monsterinsights_sitenote_category":0,"footnotes":""},"class_list":["post-2405","page","type-page","status-publish","hentry"],"yoast_head":"<!-- This site is optimized with the Yoast SEO plugin v27.4 - https:\/\/yoast.com\/product\/yoast-seo-wordpress\/ -->\n<title>Pahubel Jerez de la Frontera - Servicios<\/title>\n<meta name=\"robots\" content=\"index, follow, max-snippet:-1, max-image-preview:large, max-video-preview:-1\" \/>\n<link rel=\"canonical\" href=\"https:\/\/pahubel.com\/en\/servicios\/\" \/>\n<meta property=\"og:locale\" content=\"en_GB\" \/>\n<meta property=\"og:type\" content=\"article\" \/>\n<meta property=\"og:title\" content=\"Pahubel Jerez de la Frontera - Servicios\" \/>\n<meta property=\"og:description\" content=\"[ Nuestros servicios ] Un servicio integral que adaptamos siempre a las necesidades de cada cliente Ver proyectos Dise\u00f1o y Ejecuci\u00f3n de Centros Sanitarios Construcci\u00f3n y Reforma de de Centros Sanitarios Legalizaci\u00f3n en Consejer\u00eda de Salud e Industria de Instalaciones Sanitarias Servicio \u00abLlave en mano\u201d SECTOR SANITARIO Reformar tu cl\u00ednica dental, farmacia o centro sanitario [&hellip;]\" \/>\n<meta property=\"og:url\" content=\"https:\/\/pahubel.com\/en\/servicios\/\" \/>\n<meta property=\"og:site_name\" content=\"Pahubel Jerez de la Frontera\" \/>\n<meta property=\"article:modified_time\" content=\"2023-08-07T07:48:32+00:00\" \/>\n<meta property=\"og:image\" content=\"https:\/\/pahubel.es\/wp-content\/uploads\/elementor\/thumbs\/ICONOS-WEB-25-q9za4jw1710j1pn57rvbwphbcfcwbxqoktvmv1asxw.png\" \/>\n<meta name=\"twitter:card\" content=\"summary_large_image\" \/>\n<meta name=\"twitter:label1\" content=\"Estimated reading time\" \/>\n\t<meta name=\"twitter:data1\" content=\"2 minutes\" \/>\n<script type=\"application\/ld+json\" class=\"yoast-schema-graph\">{\"@context\":\"https:\\\/\\\/schema.org\",\"@graph\":[{\"@type\":\"WebPage\",\"@id\":\"https:\\\/\\\/pahubel.com\\\/servicios\\\/\",\"url\":\"https:\\\/\\\/pahubel.com\\\/servicios\\\/\",\"name\":\"Pahubel Jerez de la Frontera - Servicios\",\"isPartOf\":{\"@id\":\"https:\\\/\\\/pahubel.com\\\/#website\"},\"primaryImageOfPage\":{\"@id\":\"https:\\\/\\\/pahubel.com\\\/servicios\\\/#primaryimage\"},\"image\":{\"@id\":\"https:\\\/\\\/pahubel.com\\\/servicios\\\/#primaryimage\"},\"thumbnailUrl\":\"https:\\\/\\\/pahubel.es\\\/wp-content\\\/uploads\\\/elementor\\\/thumbs\\\/ICONOS-WEB-25-q9za4jw1710j1pn57rvbwphbcfcwbxqoktvmv1asxw.png\",\"datePublished\":\"2020-05-14T07:52:00+00:00\",\"dateModified\":\"2023-08-07T07:48:32+00:00\",\"breadcrumb\":{\"@id\":\"https:\\\/\\\/pahubel.com\\\/servicios\\\/#breadcrumb\"},\"inLanguage\":\"en-GB\",\"potentialAction\":[{\"@type\":\"ReadAction\",\"target\":[\"https:\\\/\\\/pahubel.com\\\/servicios\\\/\"]}]},{\"@type\":\"ImageObject\",\"inLanguage\":\"en-GB\",\"@id\":\"https:\\\/\\\/pahubel.com\\\/servicios\\\/#primaryimage\",\"url\":\"https:\\\/\\\/pahubel.es\\\/wp-content\\\/uploads\\\/elementor\\\/thumbs\\\/ICONOS-WEB-25-q9za4jw1710j1pn57rvbwphbcfcwbxqoktvmv1asxw.png\",\"contentUrl\":\"https:\\\/\\\/pahubel.es\\\/wp-content\\\/uploads\\\/elementor\\\/thumbs\\\/ICONOS-WEB-25-q9za4jw1710j1pn57rvbwphbcfcwbxqoktvmv1asxw.png\"},{\"@type\":\"BreadcrumbList\",\"@id\":\"https:\\\/\\\/pahubel.com\\\/servicios\\\/#breadcrumb\",\"itemListElement\":[{\"@type\":\"ListItem\",\"position\":1,\"name\":\"Portada\",\"item\":\"https:\\\/\\\/pahubel.com\\\/\"},{\"@type\":\"ListItem\",\"position\":2,\"name\":\"Servicios\"}]},{\"@type\":\"WebSite\",\"@id\":\"https:\\\/\\\/pahubel.com\\\/#website\",\"url\":\"https:\\\/\\\/pahubel.com\\\/\",\"name\":\"Pahubel Jerez de la Frontera\",\"description\":\"Pahubel\",\"publisher\":{\"@id\":\"https:\\\/\\\/pahubel.com\\\/#organization\"},\"alternateName\":\"Pahubel Jerez\",\"potentialAction\":[{\"@type\":\"SearchAction\",\"target\":{\"@type\":\"EntryPoint\",\"urlTemplate\":\"https:\\\/\\\/pahubel.com\\\/?s={search_term_string}\"},\"query-input\":{\"@type\":\"PropertyValueSpecification\",\"valueRequired\":true,\"valueName\":\"search_term_string\"}}],\"inLanguage\":\"en-GB\"},{\"@type\":\"Organization\",\"@id\":\"https:\\\/\\\/pahubel.com\\\/#organization\",\"name\":\"Pahubel Jerez de la Frontera\",\"url\":\"https:\\\/\\\/pahubel.com\\\/\",\"logo\":{\"@type\":\"ImageObject\",\"inLanguage\":\"en-GB\",\"@id\":\"https:\\\/\\\/pahubel.com\\\/#\\\/schema\\\/logo\\\/image\\\/\",\"url\":\"http:\\\/\\\/testdesarrollo.pahubel.es\\\/wp-content\\\/uploads\\\/2020\\\/07\\\/Logo-Pahubel-web.png\",\"contentUrl\":\"http:\\\/\\\/testdesarrollo.pahubel.es\\\/wp-content\\\/uploads\\\/2020\\\/07\\\/Logo-Pahubel-web.png\",\"width\":781,\"height\":223,\"caption\":\"Pahubel Jerez de la Frontera\"},\"image\":{\"@id\":\"https:\\\/\\\/pahubel.com\\\/#\\\/schema\\\/logo\\\/image\\\/\"}}]}<\/script>\n<!-- \/ Yoast SEO plugin. -->","yoast_head_json":{"title":"Pahubel Jerez de la Frontera - Servicios","robots":{"index":"index","follow":"follow","max-snippet":"max-snippet:-1","max-image-preview":"max-image-preview:large","max-video-preview":"max-video-preview:-1"},"canonical":"https:\/\/pahubel.com\/en\/servicios\/","og_locale":"en_GB","og_type":"article","og_title":"Pahubel Jerez de la Frontera - Servicios","og_description":"[ Nuestros servicios ] Un servicio integral que adaptamos siempre a las necesidades de cada cliente Ver proyectos Dise\u00f1o y Ejecuci\u00f3n de Centros Sanitarios Construcci\u00f3n y Reforma de de Centros Sanitarios Legalizaci\u00f3n en Consejer\u00eda de Salud e Industria de Instalaciones Sanitarias Servicio \u00abLlave en mano\u201d SECTOR SANITARIO Reformar tu cl\u00ednica dental, farmacia o centro sanitario [&hellip;]","og_url":"https:\/\/pahubel.com\/en\/servicios\/","og_site_name":"Pahubel Jerez de la Frontera","article_modified_time":"2023-08-07T07:48:32+00:00","og_image":[{"url":"https:\/\/pahubel.es\/wp-content\/uploads\/elementor\/thumbs\/ICONOS-WEB-25-q9za4jw1710j1pn57rvbwphbcfcwbxqoktvmv1asxw.png","type":"","width":"","height":""}],"twitter_card":"summary_large_image","twitter_misc":{"Estimated reading time":"2 minutes"},"schema":{"@context":"https:\/\/schema.org","@graph":[{"@type":"WebPage","@id":"https:\/\/pahubel.com\/servicios\/","url":"https:\/\/pahubel.com\/servicios\/","name":"Pahubel Jerez de la Frontera - Servicios","isPartOf":{"@id":"https:\/\/pahubel.com\/#website"},"primaryImageOfPage":{"@id":"https:\/\/pahubel.com\/servicios\/#primaryimage"},"image":{"@id":"https:\/\/pahubel.com\/servicios\/#primaryimage"},"thumbnailUrl":"https:\/\/pahubel.es\/wp-content\/uploads\/elementor\/thumbs\/ICONOS-WEB-25-q9za4jw1710j1pn57rvbwphbcfcwbxqoktvmv1asxw.png","datePublished":"2020-05-14T07:52:00+00:00","dateModified":"2023-08-07T07:48:32+00:00","breadcrumb":{"@id":"https:\/\/pahubel.com\/servicios\/#breadcrumb"},"inLanguage":"en-GB","potentialAction":[{"@type":"ReadAction","target":["https:\/\/pahubel.com\/servicios\/"]}]},{"@type":"ImageObject","inLanguage":"en-GB","@id":"https:\/\/pahubel.com\/servicios\/#primaryimage","url":"https:\/\/pahubel.es\/wp-content\/uploads\/elementor\/thumbs\/ICONOS-WEB-25-q9za4jw1710j1pn57rvbwphbcfcwbxqoktvmv1asxw.png","contentUrl":"https:\/\/pahubel.es\/wp-content\/uploads\/elementor\/thumbs\/ICONOS-WEB-25-q9za4jw1710j1pn57rvbwphbcfcwbxqoktvmv1asxw.png"},{"@type":"BreadcrumbList","@id":"https:\/\/pahubel.com\/servicios\/#breadcrumb","itemListElement":[{"@type":"ListItem","position":1,"name":"Portada","item":"https:\/\/pahubel.com\/"},{"@type":"ListItem","position":2,"name":"Servicios"}]},{"@type":"WebSite","@id":"https:\/\/pahubel.com\/#website","url":"https:\/\/pahubel.com\/","name":"Pahubel Jerez de la Frontera","description":"Pahubel","publisher":{"@id":"https:\/\/pahubel.com\/#organization"},"alternateName":"Pahubel Jerez","potentialAction":[{"@type":"SearchAction","target":{"@type":"EntryPoint","urlTemplate":"https:\/\/pahubel.com\/?s={search_term_string}"},"query-input":{"@type":"PropertyValueSpecification","valueRequired":true,"valueName":"search_term_string"}}],"inLanguage":"en-GB"},{"@type":"Organization","@id":"https:\/\/pahubel.com\/#organization","name":"Pahubel Jerez de la Frontera","url":"https:\/\/pahubel.com\/","logo":{"@type":"ImageObject","inLanguage":"en-GB","@id":"https:\/\/pahubel.com\/#\/schema\/logo\/image\/","url":"http:\/\/testdesarrollo.pahubel.es\/wp-content\/uploads\/2020\/07\/Logo-Pahubel-web.png","contentUrl":"http:\/\/testdesarrollo.pahubel.es\/wp-content\/uploads\/2020\/07\/Logo-Pahubel-web.png","width":781,"height":223,"caption":"Pahubel Jerez de la Frontera"},"image":{"@id":"https:\/\/pahubel.com\/#\/schema\/logo\/image\/"}}]}},"_links":{"self":[{"href":"https:\/\/pahubel.com\/en\/wp-json\/wp\/v2\/pages\/2405","targetHints":{"allow":["GET"]}}],"collection":[{"href":"https:\/\/pahubel.com\/en\/wp-json\/wp\/v2\/pages"}],"about":[{"href":"https:\/\/pahubel.com\/en\/wp-json\/wp\/v2\/types\/page"}],"author":[{"embeddable":true,"href":"https:\/\/pahubel.com\/en\/wp-json\/wp\/v2\/users\/2"}],"replies":[{"embeddable":true,"href":"https:\/\/pahubel.com\/en\/wp-json\/wp\/v2\/comments?post=2405"}],"version-history":[{"count":83,"href":"https:\/\/pahubel.com\/en\/wp-json\/wp\/v2\/pages\/2405\/revisions"}],"predecessor-version":[{"id":5529,"href":"https:\/\/pahubel.com\/en\/wp-json\/wp\/v2\/pages\/2405\/revisions\/5529"}],"wp:attachment":[{"href":"https:\/\/pahubel.com\/en\/wp-json\/wp\/v2\/media?parent=2405"}],"curies":[{"name":"wp","href":"https:\/\/api.w.org\/{rel}","templated":true}]}}