{"id":1958,"date":"2020-05-07T08:35:38","date_gmt":"2020-05-07T08:35:38","guid":{"rendered":"http:\/\/localhost\/theratio\/?page_id=1958"},"modified":"2023-08-07T07:46:00","modified_gmt":"2023-08-07T07:46:00","slug":"conocenos","status":"publish","type":"page","link":"https:\/\/pahubel.com\/en\/conocenos\/","title":{"rendered":"Con\u00f3cenos"},"content":{"rendered":"\t\t<div data-elementor-type=\"wp-page\" data-elementor-id=\"1958\" class=\"elementor elementor-1958\">\n\t\t\t\t\t\t<section class=\"elementor-section elementor-top-section elementor-element elementor-element-bdd9939 elementor-section-content-middle elementor-section-boxed elementor-section-height-default elementor-section-height-default\" data-id=\"bdd9939\" data-element_type=\"section\" data-e-type=\"section\">\n\t\t\t\t\t\t<div class=\"elementor-container elementor-column-gap-extended\">\n\t\t\t\t\t<div class=\"elementor-column elementor-col-50 elementor-top-column elementor-element elementor-element-12b070d ot-flex-column-vertical\" data-id=\"12b070d\" data-element_type=\"column\" data-e-type=\"column\">\n\t\t\t<div class=\"elementor-widget-wrap elementor-element-populated\">\n\t\t\t\t\t\t<div class=\"elementor-element elementor-element-ea70568 elementor-widget elementor-widget-image\" data-id=\"ea70568\" data-element_type=\"widget\" data-e-type=\"widget\" data-widget_type=\"image.default\">\n\t\t\t\t<div class=\"elementor-widget-container\">\n\t\t\t\t\t\t\t\t\t\t\t\t\t\t\t<img decoding=\"async\" src=\"https:\/\/pahubel.com\/wp-content\/uploads\/elementor\/thumbs\/imagenes-redondas-pahubel_Mesa-de-trabajo-2-copia-2-qa7udmq2vjpzwbw1ymtqga6rpyfl97y24q83tx9u6s.webp\" title=\"imagenes-redondas-pahubel_Mesa de trabajo 2 copia 2\" alt=\"imagenes-redondas-pahubel_Mesa de trabajo 2 copia 2\" loading=\"lazy\" \/>\t\t\t\t\t\t\t\t\t\t\t\t\t\t\t<\/div>\n\t\t\t\t<\/div>\n\t\t\t\t\t<\/div>\n\t\t<\/div>\n\t\t\t\t<div class=\"elementor-column elementor-col-50 elementor-top-column elementor-element elementor-element-c955026 ot-flex-column-vertical\" data-id=\"c955026\" data-element_type=\"column\" data-e-type=\"column\">\n\t\t\t<div class=\"elementor-widget-wrap elementor-element-populated\">\n\t\t\t\t\t\t<div class=\"elementor-element elementor-element-94474d6 theratio-tablet-align-center elementor-widget elementor-widget-iheading\" data-id=\"94474d6\" data-element_type=\"widget\" data-e-type=\"widget\" data-widget_type=\"iheading.default\">\n\t\t\t\t<div class=\"elementor-widget-container\">\n\t\t\t\t\t\t\t<div class=\"ot-heading is-dots\">\r\n\t        \t            <span>[ nuestra empresa ]<\/span>\r\n\t        \t        <h2 class=\"main-heading\">Dise\u00f1o y experiencia<\/h2>\r\n\t        \t    <\/div>\r\n\t    \t\t\t\t<\/div>\n\t\t\t\t<\/div>\n\t\t\t\t<div class=\"elementor-element elementor-element-4408703 elementor-widget elementor-widget-text-editor\" data-id=\"4408703\" data-element_type=\"widget\" data-e-type=\"widget\" data-widget_type=\"text-editor.default\">\n\t\t\t\t<div class=\"elementor-widget-container\">\n\t\t\t\t\t\t\t\t\t<p>Pahubel Ib\u00e9rica fue fundada por Rub\u00e9n Garc\u00eda, con una trayectoria de m\u00e1s de 25 a\u00f1os de experiencia en la construcci\u00f3n y ejecuci\u00f3n de obras y naci\u00f3 para ir mucho m\u00e1s all\u00e1, creando espacio con personalidad propia. Reformas de locales comerciales y, en especial, centros sanitarios donde estudiamos al detalle cada necesidad y exigencia de nuestros clientes proporcionando siempre las mejores soluciones a nivel de funcionalidad, confort, eficiencia energ\u00e9tica, legalidad y est\u00e9tica.<br \/><br \/>Nuestro equipo est\u00e1 formado por grandes profesionales con diferentes perfiles: interioristas, jefes de obras y proveedores especializados en el sector, lo que nos ayuda a garantizar unos resultados con un alto nivel de calidad.<br \/><br \/><\/p>\t\t\t\t\t\t\t\t<\/div>\n\t\t\t\t<\/div>\n\t\t\t\t<div class=\"elementor-element elementor-element-f73b984 elementor-tablet-align-center elementor-widget elementor-widget-ibutton\" data-id=\"f73b984\" data-element_type=\"widget\" data-e-type=\"widget\" data-widget_type=\"ibutton.default\">\n\t\t\t\t<div class=\"elementor-widget-container\">\n\t\t\t\t\t\t\t<div class=\"ot-button\">\r\n\t\t\t<a href=\"\/contacto\/\" class=\"octf-btn octf-btn-dark\">\u00bfHABLAMOS?<\/a>\r\n\t    <\/div>\r\n\t    \t\t\t\t<\/div>\n\t\t\t\t<\/div>\n\t\t\t\t\t<\/div>\n\t\t<\/div>\n\t\t\t\t\t<\/div>\n\t\t<\/section>\n\t\t\t\t<section class=\"elementor-section elementor-top-section elementor-element elementor-element-a885e6e elementor-section-boxed elementor-section-height-default elementor-section-height-default\" data-id=\"a885e6e\" data-element_type=\"section\" data-e-type=\"section\" data-settings=\"{&quot;background_background&quot;:&quot;classic&quot;}\">\n\t\t\t\t\t\t<div class=\"elementor-container elementor-column-gap-default\">\n\t\t\t\t\t<div class=\"elementor-column elementor-col-100 elementor-top-column elementor-element elementor-element-80dda1e ot-flex-column-vertical\" data-id=\"80dda1e\" data-element_type=\"column\" data-e-type=\"column\">\n\t\t\t<div class=\"elementor-widget-wrap elementor-element-populated\">\n\t\t\t\t\t\t<div class=\"elementor-element elementor-element-04ddae5 theratio-align-center elementor-widget elementor-widget-iheading\" data-id=\"04ddae5\" data-element_type=\"widget\" data-e-type=\"widget\" data-widget_type=\"iheading.default\">\n\t\t\t\t<div class=\"elementor-widget-container\">\n\t\t\t\t\t\t\t<div class=\"ot-heading is-dots\">\r\n\t        \t            <span>[ nuestro foco ]<\/span>\r\n\t        \t        <h2 class=\"main-heading\">Filosof\u00eda de la empresa<\/h2>\r\n\t        \t    <\/div>\r\n\t    \t\t\t\t<\/div>\n\t\t\t\t<\/div>\n\t\t\t\t<section class=\"elementor-section elementor-inner-section elementor-element elementor-element-b820fc7 elementor-section-full_width elementor-section-height-default elementor-section-height-default\" data-id=\"b820fc7\" data-element_type=\"section\" data-e-type=\"section\">\n\t\t\t\t\t\t<div class=\"elementor-container elementor-column-gap-extended\">\n\t\t\t\t\t<div class=\"elementor-column elementor-col-33 elementor-inner-column elementor-element elementor-element-33a2c31 ot-flex-column-vertical\" data-id=\"33a2c31\" data-element_type=\"column\" data-e-type=\"column\">\n\t\t\t<div class=\"elementor-widget-wrap elementor-element-populated\">\n\t\t\t\t\t\t<div class=\"elementor-element elementor-element-43416c5 elementor-widget elementor-widget-iflip_box\" data-id=\"43416c5\" data-element_type=\"widget\" data-e-type=\"widget\" data-widget_type=\"iflip_box.default\">\n\t\t\t\t<div class=\"elementor-widget-container\">\n\t\t\t\t\t\r\n\t\t<div class=\"support-box\">\r\n\t\t\t<div class=\"inner-box\">\r\n\t\t\t\t<div class=\"overlay flex-middle\">\r\n\t\t\t\t\t<div class=\"inner\">\r\n\t\t\t\t\t\t<p>Trabajamos para crear  espacios \u00fanicos donde \nsentirse a gusto y volver\u2026 siempre sea un placer<\/p>\r\n\t\t\t\t\t<\/div>\r\n\t\t\t\t<\/div>\r\n\t\t\t\t<div class=\"content-box\">\r\n\t\t\t\t\t<div class=\"icon-title\">\r\n\t\t\t\t        \t\t\t\t        <span class=\"ot-flaticon-brickwall\"><\/span>\t\t\t\t        <h5>Nuestra misi\u00f3n<\/h5>\r\n\t\t\t        <\/div>\r\n\t\t\t\t\t<img fetchpriority=\"high\" decoding=\"async\" width=\"750\" height=\"628\" src=\"https:\/\/pahubel.com\/wp-content\/uploads\/2023\/07\/kier-in-sight-archives-8ToYfJZBUbg-unsplash-1.jpg\" class=\"attachment-full size-full wp-image-5296\" alt=\"\" srcset=\"https:\/\/pahubel.com\/wp-content\/uploads\/2023\/07\/kier-in-sight-archives-8ToYfJZBUbg-unsplash-1.jpg 750w, https:\/\/pahubel.com\/wp-content\/uploads\/2023\/07\/kier-in-sight-archives-8ToYfJZBUbg-unsplash-1-300x251.jpg 300w\" sizes=\"(max-width: 750px) 100vw, 750px\" \/>\t\t\t\t<\/div>\r\n\t\t\t<\/div>\r\n\t    <\/div>\r\n\r\n\t    \t\t\t\t<\/div>\n\t\t\t\t<\/div>\n\t\t\t\t\t<\/div>\n\t\t<\/div>\n\t\t\t\t<div class=\"elementor-column elementor-col-33 elementor-inner-column elementor-element elementor-element-d8acae6 ot-flex-column-vertical\" data-id=\"d8acae6\" data-element_type=\"column\" data-e-type=\"column\">\n\t\t\t<div class=\"elementor-widget-wrap elementor-element-populated\">\n\t\t\t\t\t\t<div class=\"elementor-element elementor-element-670ad0b elementor-widget elementor-widget-iflip_box\" data-id=\"670ad0b\" data-element_type=\"widget\" data-e-type=\"widget\" data-widget_type=\"iflip_box.default\">\n\t\t\t\t<div class=\"elementor-widget-container\">\n\t\t\t\t\t\r\n\t\t<div class=\"support-box\">\r\n\t\t\t<div class=\"inner-box\">\r\n\t\t\t\t<div class=\"overlay flex-middle\">\r\n\t\t\t\t\t<div class=\"inner\">\r\n\t\t\t\t\t\t<p>Queremos crear los mejores centros sanitarios para nuestros clientes<\/p>\r\n\t\t\t\t\t<\/div>\r\n\t\t\t\t<\/div>\r\n\t\t\t\t<div class=\"content-box\">\r\n\t\t\t\t\t<div class=\"icon-title\">\r\n\t\t\t\t        \t\t\t\t        <span class=\"ot-flaticon-paint\"><\/span>\t\t\t\t        <h5>Nuestra visi\u00f3n<\/h5>\r\n\t\t\t        <\/div>\r\n\t\t\t\t\t<img decoding=\"async\" width=\"750\" height=\"624\" src=\"https:\/\/pahubel.com\/wp-content\/uploads\/2023\/07\/cihat-hidir-k3Bm-1GeB-4-unsplash-1-1.jpg\" class=\"attachment-full size-full wp-image-5295\" alt=\"\" srcset=\"https:\/\/pahubel.com\/wp-content\/uploads\/2023\/07\/cihat-hidir-k3Bm-1GeB-4-unsplash-1-1.jpg 750w, https:\/\/pahubel.com\/wp-content\/uploads\/2023\/07\/cihat-hidir-k3Bm-1GeB-4-unsplash-1-1-300x250.jpg 300w\" sizes=\"(max-width: 750px) 100vw, 750px\" \/>\t\t\t\t<\/div>\r\n\t\t\t<\/div>\r\n\t    <\/div>\r\n\r\n\t    \t\t\t\t<\/div>\n\t\t\t\t<\/div>\n\t\t\t\t\t<\/div>\n\t\t<\/div>\n\t\t\t\t<div class=\"elementor-column elementor-col-33 elementor-inner-column elementor-element elementor-element-58b2164 ot-flex-column-vertical\" data-id=\"58b2164\" data-element_type=\"column\" data-e-type=\"column\">\n\t\t\t<div class=\"elementor-widget-wrap elementor-element-populated\">\n\t\t\t\t\t\t<div class=\"elementor-element elementor-element-bb36af6 elementor-widget elementor-widget-iflip_box\" data-id=\"bb36af6\" data-element_type=\"widget\" data-e-type=\"widget\" data-widget_type=\"iflip_box.default\">\n\t\t\t\t<div class=\"elementor-widget-container\">\n\t\t\t\t\t\r\n\t\t<div class=\"support-box\">\r\n\t\t\t<div class=\"inner-box\">\r\n\t\t\t\t<div class=\"overlay flex-middle\">\r\n\t\t\t\t\t<div class=\"inner\">\r\n\t\t\t\t\t\t<p>Compromiso, experiencia, adaptabilidad, innovaci\u00f3n y profesionalidad \n<\/p>\r\n\t\t\t\t\t<\/div>\r\n\t\t\t\t<\/div>\r\n\t\t\t\t<div class=\"content-box\">\r\n\t\t\t\t\t<div class=\"icon-title\">\r\n\t\t\t\t        \t\t\t\t        <span class=\"ot-flaticon-cube\"><\/span>\t\t\t\t        <h5>Nuestros valores<\/h5>\r\n\t\t\t        <\/div>\r\n\t\t\t\t\t<img decoding=\"async\" width=\"750\" height=\"628\" src=\"https:\/\/pahubel.com\/wp-content\/uploads\/2023\/07\/krakenimages-Y5bvRlcCx8k-unsplash-1.jpg\" class=\"attachment-full size-full wp-image-5297\" alt=\"\" srcset=\"https:\/\/pahubel.com\/wp-content\/uploads\/2023\/07\/krakenimages-Y5bvRlcCx8k-unsplash-1.jpg 750w, https:\/\/pahubel.com\/wp-content\/uploads\/2023\/07\/krakenimages-Y5bvRlcCx8k-unsplash-1-300x251.jpg 300w\" sizes=\"(max-width: 750px) 100vw, 750px\" \/>\t\t\t\t<\/div>\r\n\t\t\t<\/div>\r\n\t    <\/div>\r\n\r\n\t    \t\t\t\t<\/div>\n\t\t\t\t<\/div>\n\t\t\t\t\t<\/div>\n\t\t<\/div>\n\t\t\t\t\t<\/div>\n\t\t<\/section>\n\t\t\t\t\t<\/div>\n\t\t<\/div>\n\t\t\t\t\t<\/div>\n\t\t<\/section>\n\t\t\t\t<section class=\"elementor-section elementor-top-section elementor-element elementor-element-4e0148d elementor-section-full_width elementor-section-height-default elementor-section-height-default\" data-id=\"4e0148d\" data-element_type=\"section\" data-e-type=\"section\" data-settings=\"{&quot;background_background&quot;:&quot;classic&quot;}\">\n\t\t\t\t\t\t<div class=\"elementor-container elementor-column-gap-default\">\n\t\t\t\t\t<div class=\"elementor-column elementor-col-100 elementor-top-column elementor-element elementor-element-864046e ot-flex-column-vertical\" data-id=\"864046e\" data-element_type=\"column\" data-e-type=\"column\">\n\t\t\t<div class=\"elementor-widget-wrap elementor-element-populated\">\n\t\t\t\t\t\t<div class=\"elementor-element elementor-element-128141b theratio-align-center elementor-widget elementor-widget-iheading\" data-id=\"128141b\" data-element_type=\"widget\" data-e-type=\"widget\" data-widget_type=\"iheading.default\">\n\t\t\t\t<div class=\"elementor-widget-container\">\n\t\t\t\t\t\t\t<div class=\"ot-heading is-dots\">\r\n\t        \t            <span>[ NUESTRA METODOLOG\u00cdA ]<\/span>\r\n\t        \t        <h2 class=\"main-heading\">Trabajamos para ti<\/h2>\r\n\t        \t    <\/div>\r\n\t    \t\t\t\t<\/div>\n\t\t\t\t<\/div>\n\t\t\t\t<div class=\"elementor-element elementor-element-17e6394 elementor-widget elementor-widget-text-editor\" data-id=\"17e6394\" data-element_type=\"widget\" data-e-type=\"widget\" data-widget_type=\"text-editor.default\">\n\t\t\t\t<div class=\"elementor-widget-container\">\n\t\t\t\t\t\t\t\t\t<p style=\"text-align: center;\"><span style=\"font-weight: 400;\">Conoce nuestra sencilla, rigurosa y transparente forma de trabajar<\/span><\/p>\t\t\t\t\t\t\t\t<\/div>\n\t\t\t\t<\/div>\n\t\t\t\t<div class=\"elementor-element elementor-element-1f0a5b4 elementor-widget elementor-widget-image\" data-id=\"1f0a5b4\" data-element_type=\"widget\" data-e-type=\"widget\" data-widget_type=\"image.default\">\n\t\t\t\t<div class=\"elementor-widget-container\">\n\t\t\t\t\t\t\t\t\t\t\t\t\t\t\t<img decoding=\"async\" src=\"https:\/\/pahubel.com\/wp-content\/uploads\/elementor\/thumbs\/imagen-metodologia-q9z117lki1lts8h5w9e3ls1jtcxhc7ukx5dcrnre0m.webp\" title=\"metodolog\u00eda\" alt=\"metodolog\u00eda\" loading=\"lazy\" \/>\t\t\t\t\t\t\t\t\t\t\t\t\t\t\t<\/div>\n\t\t\t\t<\/div>\n\t\t\t\t\t<\/div>\n\t\t<\/div>\n\t\t\t\t\t<\/div>\n\t\t<\/section>\n\t\t\t\t<\/div>\n\t\t","protected":false},"excerpt":{"rendered":"<p>[ nuestra empresa ] Dise\u00f1o y experiencia Pahubel Ib\u00e9rica fue fundada por Rub\u00e9n Garc\u00eda, con una trayectoria de m\u00e1s de 25 a\u00f1os de experiencia en la construcci\u00f3n y ejecuci\u00f3n de obras y naci\u00f3 para ir mucho m\u00e1s all\u00e1, creando espacio con personalidad propia. Reformas de locales comerciales y, en especial, centros sanitarios donde estudiamos al [&hellip;]<\/p>\n","protected":false},"author":2,"featured_media":0,"parent":0,"menu_order":0,"comment_status":"closed","ping_status":"closed","template":"","meta":{"_monsterinsights_skip_tracking":false,"_monsterinsights_sitenote_active":false,"_monsterinsights_sitenote_note":"","_monsterinsights_sitenote_category":0,"footnotes":""},"class_list":["post-1958","page","type-page","status-publish","hentry"],"yoast_head":"<!-- This site is optimized with the Yoast SEO plugin v27.4 - https:\/\/yoast.com\/product\/yoast-seo-wordpress\/ -->\n<title>Pahubel Jerez de la Frontera - Con\u00f3cenos<\/title>\n<meta name=\"robots\" content=\"index, nofollow, max-snippet:-1, max-image-preview:large, max-video-preview:-1\" \/>\n<link rel=\"canonical\" href=\"https:\/\/pahubel.com\/en\/conocenos\/\" \/>\n<meta property=\"og:locale\" content=\"en_GB\" \/>\n<meta property=\"og:type\" content=\"article\" \/>\n<meta property=\"og:title\" content=\"Pahubel Jerez de la Frontera - Con\u00f3cenos\" \/>\n<meta property=\"og:description\" content=\"[ nuestra empresa ] Dise\u00f1o y experiencia Pahubel Ib\u00e9rica fue fundada por Rub\u00e9n Garc\u00eda, con una trayectoria de m\u00e1s de 25 a\u00f1os de experiencia en la construcci\u00f3n y ejecuci\u00f3n de obras y naci\u00f3 para ir mucho m\u00e1s all\u00e1, creando espacio con personalidad propia. Reformas de locales comerciales y, en especial, centros sanitarios donde estudiamos al [&hellip;]\" \/>\n<meta property=\"og:url\" content=\"https:\/\/pahubel.com\/en\/conocenos\/\" \/>\n<meta property=\"og:site_name\" content=\"Pahubel Jerez de la Frontera\" \/>\n<meta property=\"article:modified_time\" content=\"2023-08-07T07:46:00+00:00\" \/>\n<meta property=\"og:image\" content=\"https:\/\/pahubel.es\/wp-content\/uploads\/elementor\/thumbs\/imagenes-redondas-pahubel_Mesa-de-trabajo-2-copia-2-qa7udmq2vjpzwbw1ymtqga6rpyfl97y24q83tx9u6s.webp\" \/>\n<meta name=\"twitter:card\" content=\"summary_large_image\" \/>\n<meta name=\"twitter:label1\" content=\"Estimated reading time\" \/>\n\t<meta name=\"twitter:data1\" content=\"2 minutes\" \/>\n<script type=\"application\/ld+json\" class=\"yoast-schema-graph\">{\"@context\":\"https:\\\/\\\/schema.org\",\"@graph\":[{\"@type\":\"WebPage\",\"@id\":\"https:\\\/\\\/pahubel.com\\\/conocenos\\\/\",\"url\":\"https:\\\/\\\/pahubel.com\\\/conocenos\\\/\",\"name\":\"Pahubel Jerez de la Frontera - Con\u00f3cenos\",\"isPartOf\":{\"@id\":\"https:\\\/\\\/pahubel.com\\\/#website\"},\"primaryImageOfPage\":{\"@id\":\"https:\\\/\\\/pahubel.com\\\/conocenos\\\/#primaryimage\"},\"image\":{\"@id\":\"https:\\\/\\\/pahubel.com\\\/conocenos\\\/#primaryimage\"},\"thumbnailUrl\":\"https:\\\/\\\/pahubel.es\\\/wp-content\\\/uploads\\\/elementor\\\/thumbs\\\/imagenes-redondas-pahubel_Mesa-de-trabajo-2-copia-2-qa7udmq2vjpzwbw1ymtqga6rpyfl97y24q83tx9u6s.webp\",\"datePublished\":\"2020-05-07T08:35:38+00:00\",\"dateModified\":\"2023-08-07T07:46:00+00:00\",\"breadcrumb\":{\"@id\":\"https:\\\/\\\/pahubel.com\\\/conocenos\\\/#breadcrumb\"},\"inLanguage\":\"en-GB\",\"potentialAction\":[{\"@type\":\"ReadAction\",\"target\":[\"https:\\\/\\\/pahubel.com\\\/conocenos\\\/\"]}]},{\"@type\":\"ImageObject\",\"inLanguage\":\"en-GB\",\"@id\":\"https:\\\/\\\/pahubel.com\\\/conocenos\\\/#primaryimage\",\"url\":\"https:\\\/\\\/pahubel.es\\\/wp-content\\\/uploads\\\/elementor\\\/thumbs\\\/imagenes-redondas-pahubel_Mesa-de-trabajo-2-copia-2-qa7udmq2vjpzwbw1ymtqga6rpyfl97y24q83tx9u6s.webp\",\"contentUrl\":\"https:\\\/\\\/pahubel.es\\\/wp-content\\\/uploads\\\/elementor\\\/thumbs\\\/imagenes-redondas-pahubel_Mesa-de-trabajo-2-copia-2-qa7udmq2vjpzwbw1ymtqga6rpyfl97y24q83tx9u6s.webp\"},{\"@type\":\"BreadcrumbList\",\"@id\":\"https:\\\/\\\/pahubel.com\\\/conocenos\\\/#breadcrumb\",\"itemListElement\":[{\"@type\":\"ListItem\",\"position\":1,\"name\":\"Portada\",\"item\":\"https:\\\/\\\/pahubel.com\\\/\"},{\"@type\":\"ListItem\",\"position\":2,\"name\":\"Con\u00f3cenos\"}]},{\"@type\":\"WebSite\",\"@id\":\"https:\\\/\\\/pahubel.com\\\/#website\",\"url\":\"https:\\\/\\\/pahubel.com\\\/\",\"name\":\"Pahubel Jerez de la Frontera\",\"description\":\"Pahubel\",\"publisher\":{\"@id\":\"https:\\\/\\\/pahubel.com\\\/#organization\"},\"alternateName\":\"Pahubel Jerez\",\"potentialAction\":[{\"@type\":\"SearchAction\",\"target\":{\"@type\":\"EntryPoint\",\"urlTemplate\":\"https:\\\/\\\/pahubel.com\\\/?s={search_term_string}\"},\"query-input\":{\"@type\":\"PropertyValueSpecification\",\"valueRequired\":true,\"valueName\":\"search_term_string\"}}],\"inLanguage\":\"en-GB\"},{\"@type\":\"Organization\",\"@id\":\"https:\\\/\\\/pahubel.com\\\/#organization\",\"name\":\"Pahubel Jerez de la Frontera\",\"url\":\"https:\\\/\\\/pahubel.com\\\/\",\"logo\":{\"@type\":\"ImageObject\",\"inLanguage\":\"en-GB\",\"@id\":\"https:\\\/\\\/pahubel.com\\\/#\\\/schema\\\/logo\\\/image\\\/\",\"url\":\"http:\\\/\\\/testdesarrollo.pahubel.es\\\/wp-content\\\/uploads\\\/2020\\\/07\\\/Logo-Pahubel-web.png\",\"contentUrl\":\"http:\\\/\\\/testdesarrollo.pahubel.es\\\/wp-content\\\/uploads\\\/2020\\\/07\\\/Logo-Pahubel-web.png\",\"width\":781,\"height\":223,\"caption\":\"Pahubel Jerez de la Frontera\"},\"image\":{\"@id\":\"https:\\\/\\\/pahubel.com\\\/#\\\/schema\\\/logo\\\/image\\\/\"}}]}<\/script>\n<!-- \/ Yoast SEO plugin. -->","yoast_head_json":{"title":"Pahubel Jerez de la Frontera - Con\u00f3cenos","robots":{"index":"index","follow":"nofollow","max-snippet":"max-snippet:-1","max-image-preview":"max-image-preview:large","max-video-preview":"max-video-preview:-1"},"canonical":"https:\/\/pahubel.com\/en\/conocenos\/","og_locale":"en_GB","og_type":"article","og_title":"Pahubel Jerez de la Frontera - Con\u00f3cenos","og_description":"[ nuestra empresa ] Dise\u00f1o y experiencia Pahubel Ib\u00e9rica fue fundada por Rub\u00e9n Garc\u00eda, con una trayectoria de m\u00e1s de 25 a\u00f1os de experiencia en la construcci\u00f3n y ejecuci\u00f3n de obras y naci\u00f3 para ir mucho m\u00e1s all\u00e1, creando espacio con personalidad propia. Reformas de locales comerciales y, en especial, centros sanitarios donde estudiamos al [&hellip;]","og_url":"https:\/\/pahubel.com\/en\/conocenos\/","og_site_name":"Pahubel Jerez de la Frontera","article_modified_time":"2023-08-07T07:46:00+00:00","og_image":[{"url":"https:\/\/pahubel.es\/wp-content\/uploads\/elementor\/thumbs\/imagenes-redondas-pahubel_Mesa-de-trabajo-2-copia-2-qa7udmq2vjpzwbw1ymtqga6rpyfl97y24q83tx9u6s.webp","type":"","width":"","height":""}],"twitter_card":"summary_large_image","twitter_misc":{"Estimated reading time":"2 minutes"},"schema":{"@context":"https:\/\/schema.org","@graph":[{"@type":"WebPage","@id":"https:\/\/pahubel.com\/conocenos\/","url":"https:\/\/pahubel.com\/conocenos\/","name":"Pahubel Jerez de la Frontera - Con\u00f3cenos","isPartOf":{"@id":"https:\/\/pahubel.com\/#website"},"primaryImageOfPage":{"@id":"https:\/\/pahubel.com\/conocenos\/#primaryimage"},"image":{"@id":"https:\/\/pahubel.com\/conocenos\/#primaryimage"},"thumbnailUrl":"https:\/\/pahubel.es\/wp-content\/uploads\/elementor\/thumbs\/imagenes-redondas-pahubel_Mesa-de-trabajo-2-copia-2-qa7udmq2vjpzwbw1ymtqga6rpyfl97y24q83tx9u6s.webp","datePublished":"2020-05-07T08:35:38+00:00","dateModified":"2023-08-07T07:46:00+00:00","breadcrumb":{"@id":"https:\/\/pahubel.com\/conocenos\/#breadcrumb"},"inLanguage":"en-GB","potentialAction":[{"@type":"ReadAction","target":["https:\/\/pahubel.com\/conocenos\/"]}]},{"@type":"ImageObject","inLanguage":"en-GB","@id":"https:\/\/pahubel.com\/conocenos\/#primaryimage","url":"https:\/\/pahubel.es\/wp-content\/uploads\/elementor\/thumbs\/imagenes-redondas-pahubel_Mesa-de-trabajo-2-copia-2-qa7udmq2vjpzwbw1ymtqga6rpyfl97y24q83tx9u6s.webp","contentUrl":"https:\/\/pahubel.es\/wp-content\/uploads\/elementor\/thumbs\/imagenes-redondas-pahubel_Mesa-de-trabajo-2-copia-2-qa7udmq2vjpzwbw1ymtqga6rpyfl97y24q83tx9u6s.webp"},{"@type":"BreadcrumbList","@id":"https:\/\/pahubel.com\/conocenos\/#breadcrumb","itemListElement":[{"@type":"ListItem","position":1,"name":"Portada","item":"https:\/\/pahubel.com\/"},{"@type":"ListItem","position":2,"name":"Con\u00f3cenos"}]},{"@type":"WebSite","@id":"https:\/\/pahubel.com\/#website","url":"https:\/\/pahubel.com\/","name":"Pahubel Jerez de la Frontera","description":"Pahubel","publisher":{"@id":"https:\/\/pahubel.com\/#organization"},"alternateName":"Pahubel Jerez","potentialAction":[{"@type":"SearchAction","target":{"@type":"EntryPoint","urlTemplate":"https:\/\/pahubel.com\/?s={search_term_string}"},"query-input":{"@type":"PropertyValueSpecification","valueRequired":true,"valueName":"search_term_string"}}],"inLanguage":"en-GB"},{"@type":"Organization","@id":"https:\/\/pahubel.com\/#organization","name":"Pahubel Jerez de la Frontera","url":"https:\/\/pahubel.com\/","logo":{"@type":"ImageObject","inLanguage":"en-GB","@id":"https:\/\/pahubel.com\/#\/schema\/logo\/image\/","url":"http:\/\/testdesarrollo.pahubel.es\/wp-content\/uploads\/2020\/07\/Logo-Pahubel-web.png","contentUrl":"http:\/\/testdesarrollo.pahubel.es\/wp-content\/uploads\/2020\/07\/Logo-Pahubel-web.png","width":781,"height":223,"caption":"Pahubel Jerez de la Frontera"},"image":{"@id":"https:\/\/pahubel.com\/#\/schema\/logo\/image\/"}}]}},"_links":{"self":[{"href":"https:\/\/pahubel.com\/en\/wp-json\/wp\/v2\/pages\/1958","targetHints":{"allow":["GET"]}}],"collection":[{"href":"https:\/\/pahubel.com\/en\/wp-json\/wp\/v2\/pages"}],"about":[{"href":"https:\/\/pahubel.com\/en\/wp-json\/wp\/v2\/types\/page"}],"author":[{"embeddable":true,"href":"https:\/\/pahubel.com\/en\/wp-json\/wp\/v2\/users\/2"}],"replies":[{"embeddable":true,"href":"https:\/\/pahubel.com\/en\/wp-json\/wp\/v2\/comments?post=1958"}],"version-history":[{"count":62,"href":"https:\/\/pahubel.com\/en\/wp-json\/wp\/v2\/pages\/1958\/revisions"}],"predecessor-version":[{"id":5523,"href":"https:\/\/pahubel.com\/en\/wp-json\/wp\/v2\/pages\/1958\/revisions\/5523"}],"wp:attachment":[{"href":"https:\/\/pahubel.com\/en\/wp-json\/wp\/v2\/media?parent=1958"}],"curies":[{"name":"wp","href":"https:\/\/api.w.org\/{rel}","templated":true}]}}